{"id":2573,"date":"2026-03-11T10:40:38","date_gmt":"2026-03-11T10:40:38","guid":{"rendered":"https:\/\/www.agriphoto.ch\/?page_id=2573"},"modified":"2026-03-16T13:12:43","modified_gmt":"2026-03-16T13:12:43","slug":"trois-conseils-pour-des-photos-encore-plus-belles","status":"publish","type":"page","link":"https:\/\/www.agriphoto.ch\/fr\/trois-conseils-pour-des-photos-encore-plus-belles\/","title":{"rendered":"Trois conseils pour des photos encore plus belles"},"content":{"rendered":"<div class=\"yoast-breadcrumbs\"><span><span><a href=\"https:\/\/www.agriphoto.ch\/fr\/concours-photo-des-paysannes-paysans-suisses\/\">Page d\u2019accueil<\/a><\/span> \u00bb <span class=\"breadcrumb_last\" aria-current=\"page\">Trois conseils pour des photos encore plus belles<\/span><\/span><\/div>\n\n\n<div class=\"wp-block-group is-style-narrow-10-12 is-layout-constrained wp-block-group-is-layout-constrained\">\n<h1 class=\"wp-block-heading has-text-align-center\"><strong><mark style=\"background-color:rgba(0, 0, 0, 0)\" class=\"has-inline-color has-primary-color\">Trois conseils<\/mark> pour des photos encore plus belles<\/strong><\/h1>\n\n\n\n<p class=\"has-text-align-center is-style-lead\">Des paysages grandioses au travail \u00e0 la ferme en passant par les animaux, l\u2019agriculture offre d\u2019innombrables sujets photographiques int\u00e9ressants.<\/p>\n\n\n\n<p class=\"has-text-align-center is-style-lead\">Photographe de paysages et membre du jury du concours photo AGRIPHOTO, Martin M\u00e4gli donne trois conseils simples pour des photos encore plus belles.<\/p>\n<\/div>\n\n\n\n<div class=\"wp-block-media-text alignwide has-media-on-the-right is-stacked-on-mobile is-vertically-aligned-top has-background-alt-background-color has-background\"><div class=\"wp-block-media-text__content\">\n<h3 class=\"wp-block-heading\"><strong>Conseil n\u00b01<\/strong><\/h3>\n\n\n\n<p>Faites attention \u00e0 la composition de l\u2019image : il existe quelques r\u00e8gles de base (p. ex. la r\u00e8gle des tiers) qui conf\u00e8rent \u00e0 la photo une harmonie particuli\u00e8re. \u00c9vitez les \u00e9l\u00e9ments perturbateurs.<\/p>\n<\/div><figure class=\"wp-block-media-text__media\"><img loading=\"lazy\" decoding=\"async\" width=\"1024\" height=\"683\" src=\"https:\/\/www.agriphoto.ch\/wp-content\/uploads\/2026\/03\/agriphoto-tipp-1-1024x683.jpg\" alt=\"Une photo d'une for\u00eat.\" class=\"wp-image-1605 size-full\" srcset=\"https:\/\/www.agriphoto.ch\/wp-content\/uploads\/2026\/03\/agriphoto-tipp-1-1024x683.jpg 1024w, https:\/\/www.agriphoto.ch\/wp-content\/uploads\/2026\/03\/agriphoto-tipp-1-300x200.jpg 300w, https:\/\/www.agriphoto.ch\/wp-content\/uploads\/2026\/03\/agriphoto-tipp-1-768x512.jpg 768w, https:\/\/www.agriphoto.ch\/wp-content\/uploads\/2026\/03\/agriphoto-tipp-1-1536x1024.jpg 1536w, https:\/\/www.agriphoto.ch\/wp-content\/uploads\/2026\/03\/agriphoto-tipp-1.jpg 1920w\" sizes=\"auto, (max-width: 1024px) 100vw, 1024px\" \/><\/figure><\/div>\n\n\n\n<div class=\"wp-block-media-text alignwide is-stacked-on-mobile is-vertically-aligned-top has-background-alt-background-color has-background\"><figure class=\"wp-block-media-text__media\"><img loading=\"lazy\" decoding=\"async\" width=\"1024\" height=\"683\" src=\"https:\/\/www.agriphoto.ch\/wp-content\/uploads\/2026\/03\/agriphoto-tipp-2-1024x683.jpg\" alt=\"Une photo d'un ch\u00e2teau, avec des montagnes enneig\u00e9es en arri\u00e8re-plan.\" class=\"wp-image-1606 size-full\" srcset=\"https:\/\/www.agriphoto.ch\/wp-content\/uploads\/2026\/03\/agriphoto-tipp-2-1024x683.jpg 1024w, https:\/\/www.agriphoto.ch\/wp-content\/uploads\/2026\/03\/agriphoto-tipp-2-300x200.jpg 300w, https:\/\/www.agriphoto.ch\/wp-content\/uploads\/2026\/03\/agriphoto-tipp-2-768x512.jpg 768w, https:\/\/www.agriphoto.ch\/wp-content\/uploads\/2026\/03\/agriphoto-tipp-2-1536x1024.jpg 1536w, https:\/\/www.agriphoto.ch\/wp-content\/uploads\/2026\/03\/agriphoto-tipp-2.jpg 1920w\" sizes=\"auto, (max-width: 1024px) 100vw, 1024px\" \/><\/figure><div class=\"wp-block-media-text__content\">\n<h3 class=\"wp-block-heading\"><strong>Conseil n\u00b02<\/strong><\/h3>\n\n\n\n<p>Faites attention \u00e0 la lumi\u00e8re : non seulement elle influence les r\u00e9glages de l\u2019appareil, mais elle modifie aussi l\u2019effet de la photo. Faites donc attention \u00e0 la provenance de la lumi\u00e8re et \u00e0 son caract\u00e8re dur, diffus ou chaud.<\/p>\n<\/div><\/div>\n\n\n\n<div class=\"wp-block-media-text alignwide has-media-on-the-right is-stacked-on-mobile is-vertically-aligned-top has-background-alt-background-color has-background\"><div class=\"wp-block-media-text__content\">\n<h3 class=\"wp-block-heading\"><strong>Conseil n\u00b03<\/strong><\/h3>\n\n\n\n<p>Jouez avec les r\u00e9glages et les perspectives\u00a0: essayez diff\u00e9rents points de vue, diff\u00e9rentes expositions et diff\u00e9rents emplacements de sorte \u00e0 bien mettre en valeur votre sujet.<\/p>\n<\/div><figure class=\"wp-block-media-text__media\"><img loading=\"lazy\" decoding=\"async\" width=\"1024\" height=\"767\" src=\"https:\/\/www.agriphoto.ch\/wp-content\/uploads\/2026\/03\/agriphoto-tipp-3-1024x767.jpg\" alt=\"Un lac au coucher du soleil.\" class=\"wp-image-1607 size-full\" srcset=\"https:\/\/www.agriphoto.ch\/wp-content\/uploads\/2026\/03\/agriphoto-tipp-3-1024x767.jpg 1024w, https:\/\/www.agriphoto.ch\/wp-content\/uploads\/2026\/03\/agriphoto-tipp-3-300x225.jpg 300w, https:\/\/www.agriphoto.ch\/wp-content\/uploads\/2026\/03\/agriphoto-tipp-3-768x575.jpg 768w, https:\/\/www.agriphoto.ch\/wp-content\/uploads\/2026\/03\/agriphoto-tipp-3-1536x1150.jpg 1536w, https:\/\/www.agriphoto.ch\/wp-content\/uploads\/2026\/03\/agriphoto-tipp-3.jpg 1920w\" sizes=\"auto, (max-width: 1024px) 100vw, 1024px\" \/><\/figure><\/div>\n\n\n\n<blockquote class=\"wp-block-quote is-layout-flow wp-block-quote-is-layout-flow\">\n<p class=\"has-text-align-center\"><mark style=\"background-color:rgba(0, 0, 0, 0)\" class=\"has-inline-color has-primary-color\"><em>Mon conseil personnel : <\/em><br><\/mark><em>passez beaucoup de temps avec votre sujet et ne vous contentez pas du premier r\u00e9sultat.<\/em><\/p>\n<\/blockquote>\n\n\n\n<p><em><em>Texte et photos<\/em><\/em> <em>: Martin M\u00e4gli, <a href=\"http:\/\/www.naturbild.ch\" target=\"_blank\" rel=\"noreferrer noopener\">www.naturbild.ch<\/a><\/em><\/p>\n\n\n\n<p><\/p>\n","protected":false},"excerpt":{"rendered":"<p>Trois conseils pour des photos encore plus belles Des paysages grandioses au travail \u00e0 la ferme en passant par les animaux, l\u2019agriculture offre d\u2019innombrables sujets photographiques int\u00e9ressants. Photographe de paysages et membre du jury du concours photo AGRIPHOTO, Martin M\u00e4gli donne trois conseils simples pour des photos encore plus belles. Conseil n\u00b01 Faites attention \u00e0 [&hellip;]<\/p>\n","protected":false},"author":3,"featured_media":0,"parent":0,"menu_order":2,"comment_status":"closed","ping_status":"closed","template":"","meta":{"_acf_changed":false,"inline_featured_image":false,"footnotes":""},"class_list":["post-2573","page","type-page","status-publish","hentry"],"acf":[],"yoast_head":"<!-- This site is optimized with the Yoast SEO plugin v27.2 - https:\/\/yoast.com\/product\/yoast-seo-wordpress\/ -->\n<title>Trois conseils pour des photos encore plus belles - Paysannes &amp; paysans suisses<\/title>\n<meta name=\"description\" content=\"Conseils de Martin M\u00e4gli pour prendre des photos saisissantes de la nature, des animaux et des personnes dans l\u2019agriculture.\" \/>\n<meta name=\"robots\" content=\"index, follow, max-snippet:-1, max-image-preview:large, max-video-preview:-1\" \/>\n<link rel=\"canonical\" href=\"https:\/\/www.agriphoto.ch\/fr\/trois-conseils-pour-des-photos-encore-plus-belles\/\" \/>\n<meta property=\"og:locale\" content=\"fr_FR\" \/>\n<meta property=\"og:type\" content=\"article\" \/>\n<meta property=\"og:title\" content=\"Trois conseils pour des photos encore plus belles - Paysannes &amp; paysans suisses\" \/>\n<meta property=\"og:description\" content=\"Conseils de Martin M\u00e4gli pour prendre des photos saisissantes de la nature, des animaux et des personnes dans l\u2019agriculture.\" \/>\n<meta property=\"og:url\" content=\"https:\/\/www.agriphoto.ch\/fr\/trois-conseils-pour-des-photos-encore-plus-belles\/\" \/>\n<meta property=\"og:site_name\" content=\"Paysannes &amp; paysans suisses\" \/>\n<meta property=\"article:publisher\" content=\"https:\/\/www.facebook.com\/schweizer.bauern\/\" \/>\n<meta property=\"article:modified_time\" content=\"2026-03-16T13:12:43+00:00\" \/>\n<meta property=\"og:image\" content=\"https:\/\/www.agriphoto.ch\/wp-content\/uploads\/2026\/03\/agriphoto-tipp-1-1024x683.jpg\" \/>\n<meta name=\"twitter:card\" content=\"summary_large_image\" \/>\n<meta name=\"twitter:label1\" content=\"Dur\u00e9e de lecture estim\u00e9e\" \/>\n\t<meta name=\"twitter:data1\" content=\"2 minutes\" \/>\n<script type=\"application\/ld+json\" class=\"yoast-schema-graph\">{\"@context\":\"https:\/\/schema.org\",\"@graph\":[{\"@type\":\"WebPage\",\"@id\":\"https:\/\/www.agriphoto.ch\/fr\/trois-conseils-pour-des-photos-encore-plus-belles\/\",\"url\":\"https:\/\/www.agriphoto.ch\/fr\/trois-conseils-pour-des-photos-encore-plus-belles\/\",\"name\":\"Trois conseils pour des photos encore plus belles - Paysannes & paysans suisses\",\"isPartOf\":{\"@id\":\"https:\/\/www.agriphoto.ch\/fr\/#website\"},\"primaryImageOfPage\":{\"@id\":\"https:\/\/www.agriphoto.ch\/fr\/trois-conseils-pour-des-photos-encore-plus-belles\/#primaryimage\"},\"image\":{\"@id\":\"https:\/\/www.agriphoto.ch\/fr\/trois-conseils-pour-des-photos-encore-plus-belles\/#primaryimage\"},\"thumbnailUrl\":\"https:\/\/www.agriphoto.ch\/wp-content\/uploads\/2026\/03\/agriphoto-tipp-1-1024x683.jpg\",\"datePublished\":\"2026-03-11T10:40:38+00:00\",\"dateModified\":\"2026-03-16T13:12:43+00:00\",\"description\":\"Conseils de Martin M\u00e4gli pour prendre des photos saisissantes de la nature, des animaux et des personnes dans l\u2019agriculture.\",\"breadcrumb\":{\"@id\":\"https:\/\/www.agriphoto.ch\/fr\/trois-conseils-pour-des-photos-encore-plus-belles\/#breadcrumb\"},\"inLanguage\":\"fr-FR\",\"potentialAction\":[{\"@type\":\"ReadAction\",\"target\":[\"https:\/\/www.agriphoto.ch\/fr\/trois-conseils-pour-des-photos-encore-plus-belles\/\"]}]},{\"@type\":\"ImageObject\",\"inLanguage\":\"fr-FR\",\"@id\":\"https:\/\/www.agriphoto.ch\/fr\/trois-conseils-pour-des-photos-encore-plus-belles\/#primaryimage\",\"url\":\"https:\/\/www.agriphoto.ch\/wp-content\/uploads\/2026\/03\/agriphoto-tipp-1-1024x683.jpg\",\"contentUrl\":\"https:\/\/www.agriphoto.ch\/wp-content\/uploads\/2026\/03\/agriphoto-tipp-1-1024x683.jpg\"},{\"@type\":\"BreadcrumbList\",\"@id\":\"https:\/\/www.agriphoto.ch\/fr\/trois-conseils-pour-des-photos-encore-plus-belles\/#breadcrumb\",\"itemListElement\":[{\"@type\":\"ListItem\",\"position\":1,\"name\":\"Page d\u2019accueil\",\"item\":\"https:\/\/www.agriphoto.ch\/fr\/concours-photo-des-paysannes-paysans-suisses\/\"},{\"@type\":\"ListItem\",\"position\":2,\"name\":\"Trois conseils pour des photos encore plus belles\"}]},{\"@type\":\"WebSite\",\"@id\":\"https:\/\/www.agriphoto.ch\/fr\/#website\",\"url\":\"https:\/\/www.agriphoto.ch\/fr\/\",\"name\":\"Fotowettbewerb der Schweizer B\u00e4uerinnen & Bauern\",\"description\":\"\",\"publisher\":{\"@id\":\"https:\/\/www.agriphoto.ch\/fr\/#organization\"},\"alternateName\":\"Fotowettbewerb Agriphoto\",\"potentialAction\":[{\"@type\":\"SearchAction\",\"target\":{\"@type\":\"EntryPoint\",\"urlTemplate\":\"https:\/\/www.agriphoto.ch\/fr\/?s={search_term_string}\"},\"query-input\":{\"@type\":\"PropertyValueSpecification\",\"valueRequired\":true,\"valueName\":\"search_term_string\"}}],\"inLanguage\":\"fr-FR\"},{\"@type\":\"Organization\",\"@id\":\"https:\/\/www.agriphoto.ch\/fr\/#organization\",\"name\":\"Fotowettbewerb Agriphoto\",\"url\":\"https:\/\/www.agriphoto.ch\/fr\/\",\"logo\":{\"@type\":\"ImageObject\",\"inLanguage\":\"fr-FR\",\"@id\":\"https:\/\/www.agriphoto.ch\/fr\/#\/schema\/logo\/image\/\",\"url\":\"https:\/\/www.agriphoto.ch\/wp-content\/uploads\/2026\/02\/rz_agriphoto_SB_Energy-Media_Logo_quer_1.jpg\",\"contentUrl\":\"https:\/\/www.agriphoto.ch\/wp-content\/uploads\/2026\/02\/rz_agriphoto_SB_Energy-Media_Logo_quer_1.jpg\",\"width\":1200,\"height\":400,\"caption\":\"Fotowettbewerb Agriphoto\"},\"image\":{\"@id\":\"https:\/\/www.agriphoto.ch\/fr\/#\/schema\/logo\/image\/\"},\"sameAs\":[\"https:\/\/www.facebook.com\/schweizer.bauern\/\",\"https:\/\/www.instagram.com\/schweizer.bauern\/\",\"https:\/\/www.tiktok.com\/@schweizer.bauern\",\"https:\/\/www.youtube.com\/c\/SchweizerBauern\"]}]}<\/script>\n<!-- \/ Yoast SEO plugin. -->","yoast_head_json":{"title":"Trois conseils pour des photos encore plus belles - Paysannes & paysans suisses","description":"Conseils de Martin M\u00e4gli pour prendre des photos saisissantes de la nature, des animaux et des personnes dans l\u2019agriculture.","robots":{"index":"index","follow":"follow","max-snippet":"max-snippet:-1","max-image-preview":"max-image-preview:large","max-video-preview":"max-video-preview:-1"},"canonical":"https:\/\/www.agriphoto.ch\/fr\/trois-conseils-pour-des-photos-encore-plus-belles\/","og_locale":"fr_FR","og_type":"article","og_title":"Trois conseils pour des photos encore plus belles - Paysannes & paysans suisses","og_description":"Conseils de Martin M\u00e4gli pour prendre des photos saisissantes de la nature, des animaux et des personnes dans l\u2019agriculture.","og_url":"https:\/\/www.agriphoto.ch\/fr\/trois-conseils-pour-des-photos-encore-plus-belles\/","og_site_name":"Paysannes & paysans suisses","article_publisher":"https:\/\/www.facebook.com\/schweizer.bauern\/","article_modified_time":"2026-03-16T13:12:43+00:00","og_image":[{"url":"https:\/\/www.agriphoto.ch\/wp-content\/uploads\/2026\/03\/agriphoto-tipp-1-1024x683.jpg","type":"","width":"","height":""}],"twitter_card":"summary_large_image","twitter_misc":{"Dur\u00e9e de lecture estim\u00e9e":"2 minutes"},"schema":{"@context":"https:\/\/schema.org","@graph":[{"@type":"WebPage","@id":"https:\/\/www.agriphoto.ch\/fr\/trois-conseils-pour-des-photos-encore-plus-belles\/","url":"https:\/\/www.agriphoto.ch\/fr\/trois-conseils-pour-des-photos-encore-plus-belles\/","name":"Trois conseils pour des photos encore plus belles - Paysannes & paysans suisses","isPartOf":{"@id":"https:\/\/www.agriphoto.ch\/fr\/#website"},"primaryImageOfPage":{"@id":"https:\/\/www.agriphoto.ch\/fr\/trois-conseils-pour-des-photos-encore-plus-belles\/#primaryimage"},"image":{"@id":"https:\/\/www.agriphoto.ch\/fr\/trois-conseils-pour-des-photos-encore-plus-belles\/#primaryimage"},"thumbnailUrl":"https:\/\/www.agriphoto.ch\/wp-content\/uploads\/2026\/03\/agriphoto-tipp-1-1024x683.jpg","datePublished":"2026-03-11T10:40:38+00:00","dateModified":"2026-03-16T13:12:43+00:00","description":"Conseils de Martin M\u00e4gli pour prendre des photos saisissantes de la nature, des animaux et des personnes dans l\u2019agriculture.","breadcrumb":{"@id":"https:\/\/www.agriphoto.ch\/fr\/trois-conseils-pour-des-photos-encore-plus-belles\/#breadcrumb"},"inLanguage":"fr-FR","potentialAction":[{"@type":"ReadAction","target":["https:\/\/www.agriphoto.ch\/fr\/trois-conseils-pour-des-photos-encore-plus-belles\/"]}]},{"@type":"ImageObject","inLanguage":"fr-FR","@id":"https:\/\/www.agriphoto.ch\/fr\/trois-conseils-pour-des-photos-encore-plus-belles\/#primaryimage","url":"https:\/\/www.agriphoto.ch\/wp-content\/uploads\/2026\/03\/agriphoto-tipp-1-1024x683.jpg","contentUrl":"https:\/\/www.agriphoto.ch\/wp-content\/uploads\/2026\/03\/agriphoto-tipp-1-1024x683.jpg"},{"@type":"BreadcrumbList","@id":"https:\/\/www.agriphoto.ch\/fr\/trois-conseils-pour-des-photos-encore-plus-belles\/#breadcrumb","itemListElement":[{"@type":"ListItem","position":1,"name":"Page d\u2019accueil","item":"https:\/\/www.agriphoto.ch\/fr\/concours-photo-des-paysannes-paysans-suisses\/"},{"@type":"ListItem","position":2,"name":"Trois conseils pour des photos encore plus belles"}]},{"@type":"WebSite","@id":"https:\/\/www.agriphoto.ch\/fr\/#website","url":"https:\/\/www.agriphoto.ch\/fr\/","name":"Fotowettbewerb der Schweizer B\u00e4uerinnen & Bauern","description":"","publisher":{"@id":"https:\/\/www.agriphoto.ch\/fr\/#organization"},"alternateName":"Fotowettbewerb Agriphoto","potentialAction":[{"@type":"SearchAction","target":{"@type":"EntryPoint","urlTemplate":"https:\/\/www.agriphoto.ch\/fr\/?s={search_term_string}"},"query-input":{"@type":"PropertyValueSpecification","valueRequired":true,"valueName":"search_term_string"}}],"inLanguage":"fr-FR"},{"@type":"Organization","@id":"https:\/\/www.agriphoto.ch\/fr\/#organization","name":"Fotowettbewerb Agriphoto","url":"https:\/\/www.agriphoto.ch\/fr\/","logo":{"@type":"ImageObject","inLanguage":"fr-FR","@id":"https:\/\/www.agriphoto.ch\/fr\/#\/schema\/logo\/image\/","url":"https:\/\/www.agriphoto.ch\/wp-content\/uploads\/2026\/02\/rz_agriphoto_SB_Energy-Media_Logo_quer_1.jpg","contentUrl":"https:\/\/www.agriphoto.ch\/wp-content\/uploads\/2026\/02\/rz_agriphoto_SB_Energy-Media_Logo_quer_1.jpg","width":1200,"height":400,"caption":"Fotowettbewerb Agriphoto"},"image":{"@id":"https:\/\/www.agriphoto.ch\/fr\/#\/schema\/logo\/image\/"},"sameAs":["https:\/\/www.facebook.com\/schweizer.bauern\/","https:\/\/www.instagram.com\/schweizer.bauern\/","https:\/\/www.tiktok.com\/@schweizer.bauern","https:\/\/www.youtube.com\/c\/SchweizerBauern"]}]}},"_links":{"self":[{"href":"https:\/\/www.agriphoto.ch\/fr\/wp-json\/wp\/v2\/pages\/2573","targetHints":{"allow":["GET"]}}],"collection":[{"href":"https:\/\/www.agriphoto.ch\/fr\/wp-json\/wp\/v2\/pages"}],"about":[{"href":"https:\/\/www.agriphoto.ch\/fr\/wp-json\/wp\/v2\/types\/page"}],"author":[{"embeddable":true,"href":"https:\/\/www.agriphoto.ch\/fr\/wp-json\/wp\/v2\/users\/3"}],"replies":[{"embeddable":true,"href":"https:\/\/www.agriphoto.ch\/fr\/wp-json\/wp\/v2\/comments?post=2573"}],"version-history":[{"count":1,"href":"https:\/\/www.agriphoto.ch\/fr\/wp-json\/wp\/v2\/pages\/2573\/revisions"}],"predecessor-version":[{"id":2574,"href":"https:\/\/www.agriphoto.ch\/fr\/wp-json\/wp\/v2\/pages\/2573\/revisions\/2574"}],"wp:attachment":[{"href":"https:\/\/www.agriphoto.ch\/fr\/wp-json\/wp\/v2\/media?parent=2573"}],"curies":[{"name":"wp","href":"https:\/\/api.w.org\/{rel}","templated":true}]}}