{"id":307,"date":"2026-02-05T10:33:16","date_gmt":"2026-02-05T10:33:16","guid":{"rendered":"https:\/\/www.agriphoto.ch\/?page_id=307"},"modified":"2026-03-16T13:15:52","modified_gmt":"2026-03-16T13:15:52","slug":"deroulement-en-detail","status":"publish","type":"page","link":"https:\/\/www.agriphoto.ch\/fr\/deroulement-en-detail\/","title":{"rendered":"D\u00e9roulement en d\u00e9tail"},"content":{"rendered":"<div class=\"yoast-breadcrumbs\"><span><span><a href=\"https:\/\/www.agriphoto.ch\/fr\/concours-photo-des-paysannes-paysans-suisses\/\">Page d\u2019accueil<\/a><\/span> \u00bb <span class=\"breadcrumb_last\" aria-current=\"page\">D\u00e9roulement en d\u00e9tail<\/span><\/span><\/div>\n\n\n<div class=\"wp-block-group is-style-narrow-10-12 is-layout-constrained wp-block-group-is-layout-constrained\">\n<h1 class=\"wp-block-heading has-text-align-center\"><strong>D\u00e9roulement du <mark style=\"background-color:rgba(0, 0, 0, 0)\" class=\"has-inline-color has-primary-color\">concours photo<\/mark><\/strong><\/h1>\n\n\n\n<p class=\"has-text-align-center is-style-lead\">De l\u2019envoi des photos au vote du public et \u00e0 la grande exposition \u00e0 la gare centrale de Zurich en passant par le vote du jury, le concours photo suit un processus clair et transparent. Voici les \u00e9tapes du concours et ce \u00e0 quoi vous devez vous attendre.<\/p>\n<\/div>\n\n\n\n<div class=\"wp-block-media-text alignwide is-stacked-on-mobile is-vertically-aligned-top is-image-fill-element has-background-alt-background-color has-background\"><figure class=\"wp-block-media-text__media\"><img decoding=\"async\" src=\"https:\/\/www.agriphoto.ch\/wp-content\/uploads\/2026\/02\/Mensch_Alphorn_03-814x1024.jpg\" alt=\"\" class=\"wp-image-732 size-full\" style=\"object-position:50% 50%\"\/><\/figure><div class=\"wp-block-media-text__content\">\n<h3 class=\"wp-block-heading\"><strong>1. Envoi des photos<\/strong><\/h3>\n\n\n\n<p>Pour commencer, soumettez vos photos. Nous recherchons des images authentiques qui montrent votre point de vue sur la Suisse. Vous pouvez participer <strong>du<\/strong> <strong>9 mars au 10&nbsp;mai&nbsp;2026<\/strong> et soumettre des photos dans une ou plusieurs cat\u00e9gories.<\/p>\n\n\n\n<div class=\"wp-block-buttons is-layout-flex wp-block-buttons-is-layout-flex\">\n<div class=\"wp-block-button\"><a class=\"wp-block-button__link wp-element-button\" href=\"https:\/\/www.agriphoto.ch\/fr\/trois-conseils-pour-des-photos-encore-plus-belles\/\">Trois conseils pour des photos encore plus belles<\/a><\/div>\n<\/div>\n<\/div><\/div>\n\n\n\n<div class=\"wp-block-media-text alignwide has-media-on-the-right is-stacked-on-mobile is-vertically-aligned-top is-image-fill-element has-background-alt-background-color has-background\"><div class=\"wp-block-media-text__content\">\n<h3 class=\"wp-block-heading\"><strong>2. Vote du jury<\/strong><\/h3>\n\n\n\n<p>Apr\u00e8s la date limite, toutes les photos soumises seront examin\u00e9es par un jury professionnel. Le jury \u00e9value les photos sur la base de diff\u00e9rents crit\u00e8res, notamment la cr\u00e9ativit\u00e9, la composition ou l\u2019impression g\u00e9n\u00e9rale. Sur la base de cette \u00e9valuation, les meilleures photos seront s\u00e9lectionn\u00e9es et nomin\u00e9es pour le vote du public. C\u2019est le jury qui d\u00e9termine les photos gagnantes par cat\u00e9gorie.<\/p>\n<\/div><figure class=\"wp-block-media-text__media\"><img decoding=\"async\" src=\"https:\/\/www.agriphoto.ch\/wp-content\/uploads\/2026\/02\/Land_Wald_03-1024x772.jpg\" alt=\"\" class=\"wp-image-731 size-full\" style=\"object-position:50% 50%\"\/><\/figure><\/div>\n\n\n\n<div class=\"wp-block-media-text alignwide is-stacked-on-mobile is-vertically-aligned-top is-image-fill-element has-background-alt-background-color has-background\"><figure class=\"wp-block-media-text__media\"><img loading=\"lazy\" decoding=\"async\" width=\"1024\" height=\"424\" src=\"https:\/\/www.agriphoto.ch\/wp-content\/uploads\/2026\/02\/rz_agriphoto_SB_Headerbild_web1-1024x424.jpg\" alt=\"\" class=\"wp-image-137 size-full\" style=\"object-position:50% 50%\" srcset=\"https:\/\/www.agriphoto.ch\/wp-content\/uploads\/2026\/02\/rz_agriphoto_SB_Headerbild_web1-1024x424.jpg 1024w, https:\/\/www.agriphoto.ch\/wp-content\/uploads\/2026\/02\/rz_agriphoto_SB_Headerbild_web1-300x124.jpg 300w, https:\/\/www.agriphoto.ch\/wp-content\/uploads\/2026\/02\/rz_agriphoto_SB_Headerbild_web1-768x318.jpg 768w, https:\/\/www.agriphoto.ch\/wp-content\/uploads\/2026\/02\/rz_agriphoto_SB_Headerbild_web1-1536x636.jpg 1536w, https:\/\/www.agriphoto.ch\/wp-content\/uploads\/2026\/02\/rz_agriphoto_SB_Headerbild_web1-2048x848.jpg 2048w\" sizes=\"auto, (max-width: 1024px) 100vw, 1024px\" \/><\/figure><div class=\"wp-block-media-text__content\">\n<h3 class=\"wp-block-heading\"><strong>3. Vote du public<\/strong><\/h3>\n\n\n\n<p><strong>Du 8 au 30 juin 2026, <\/strong>une s\u00e9lection des meilleures photos sera publi\u00e9e pour permettre au public de d\u00e9signer ses favorites. C\u2019est \u00e0 ce stade que le public sera sollicit\u00e9 : chaque personne disposera de <strong>cinq voix<\/strong>, qu\u2019elle pourra donner \u00e0 ses photos favorites tout en participant au prix du public.<\/p>\n<\/div><\/div>\n\n\n\n<div class=\"wp-block-media-text alignwide has-media-on-the-right is-stacked-on-mobile is-vertically-aligned-top is-image-fill-element has-background-alt-background-color has-background\"><div class=\"wp-block-media-text__content\">\n<h3 class=\"wp-block-heading\"><strong>4. Exposition et remise des prix<\/strong><\/h3>\n\n\n\n<p>L\u2019exposition de photos \u00e0 la gare centrale de Zurich <strong>constituera le clou du concours<\/strong>. Cette exposition aura lieu <strong>du<\/strong> <strong>14 au 20 septembre<\/strong> <strong>2026. <\/strong>Les meilleures photos seront expos\u00e9es au centre de la gare et pr\u00e9sent\u00e9es au grand public pendant une semaine. Lors du vernissage, les vainqueurs seront en outre f\u00e9licit\u00e9s et des prix attrayants seront d\u00e9cern\u00e9s.<\/p>\n<\/div><figure class=\"wp-block-media-text__media\"><img decoding=\"async\" src=\"https:\/\/www.agriphoto.ch\/wp-content\/uploads\/2026\/02\/Tier_Sau_03-1024x768.jpg\" alt=\"\" class=\"wp-image-739 size-full\" style=\"object-position:50% 50%\"\/><\/figure><\/div>\n\n\n\n<div id=\"faq\" class=\"wp-block-group is-style-narrow-10-12 is-layout-constrained wp-block-group-is-layout-constrained\">\n<h2 class=\"wp-block-heading\">Questions fr\u00e9quentes sur le <mark style=\"background-color:rgba(0, 0, 0, 0)\" class=\"has-inline-color has-primary-color\">concours photo<\/mark><\/h2>\n\n\n\n<div class=\"wp-block-columns is-style-accordion is-layout-flex wp-container-core-columns-is-layout-28f84493 wp-block-columns-is-layout-flex\">\n<div class=\"wp-block-column is-layout-flow wp-block-column-is-layout-flow\">\n<h3 class=\"wp-block-heading\">Qui peut participer&nbsp;?<\/h3>\n<\/div>\n\n\n\n<div class=\"wp-block-column is-layout-flow wp-block-column-is-layout-flow\">\n<p>La participation est ouverte <strong>\u00e0 toute personne \u00e2g\u00e9e de 18 ans ou plus<\/strong> et vivant en Suisse. Le concours photo s\u2019adresse \u00e0 l\u2019ensemble de la population suisse, que vous soyez un-e amateur-trice ou un-e professionnel-le de la photographie. La participation est gratuite et ouverte \u00e0 tous ceux et celles qui souhaitent montrer leur point de vue sur la Suisse \u00e0 travers une photo.<\/p>\n<\/div>\n<\/div>\n\n\n\n<div class=\"wp-block-columns is-style-accordion is-layout-flex wp-container-core-columns-is-layout-28f84493 wp-block-columns-is-layout-flex\">\n<div class=\"wp-block-column is-layout-flow wp-block-column-is-layout-flow\">\n<h3 class=\"wp-block-heading\">Combien d\u2019images puis-je soumettre&nbsp;?<\/h3>\n<\/div>\n\n\n\n<div class=\"wp-block-column is-layout-flow wp-block-column-is-layout-flow\">\n<p>Vous pouvez soumettre <strong>trois photos au maximum<\/strong> par cat\u00e9gorie. Chaque photo est \u00e9valu\u00e9e individuellement et ne peut \u00eatre attribu\u00e9e qu\u2019\u00e0 une seule cat\u00e9gorie. Au total, vous pouvez donc participer dans plusieurs cat\u00e9gories, \u00e0 condition de respecter le nombre maximal de photos par cat\u00e9gorie.<\/p>\n<\/div>\n<\/div>\n\n\n\n<div class=\"wp-block-columns is-style-accordion is-layout-flex wp-container-core-columns-is-layout-28f84493 wp-block-columns-is-layout-flex\">\n<div class=\"wp-block-column is-layout-flow wp-block-column-is-layout-flow\">\n<h3 class=\"wp-block-heading\">Quelle doit \u00eatre la taille de mes photos&nbsp;?<\/h3>\n<\/div>\n\n\n\n<div class=\"wp-block-column is-layout-flow wp-block-column-is-layout-flow\">\n<p>Les images soumises doivent avoir une <strong>r\u00e9solution minimale de 1200 \u00e0 1600 pixels<\/strong>. Cette r\u00e9solution permet de s\u2019assurer que toutes les photos conviennent \u00e0 l\u2019\u00e9valuation du jury, \u00e0 la pr\u00e9sentation en ligne et \u00e0 l\u2019exposition. La taille maximale du fichier par photo est de 5 MB. Les formats de fichiers autoris\u00e9s sont <strong>jpg, png, gif, heic <\/strong>et <strong>heif<\/strong>. Les autres formats ne peuvent pas \u00eatre pris en compte.<\/p>\n<\/div>\n<\/div>\n\n\n\n<div class=\"wp-block-columns is-style-accordion is-layout-flex wp-container-core-columns-is-layout-28f84493 wp-block-columns-is-layout-flex\">\n<div class=\"wp-block-column is-layout-flow wp-block-column-is-layout-flow\">\n<h3 class=\"wp-block-heading\">Puis-je traiter mes photos ?<\/h3>\n<\/div>\n\n\n\n<div class=\"wp-block-column is-layout-flow wp-block-column-is-layout-flow\">\n<p>Oui, le traitement d\u2019image est autoris\u00e9. Vous pouvez notamment ajuster la luminosit\u00e9, les contrastes, les couleurs et la nettet\u00e9, ou encore proc\u00e9der \u00e0 un l\u00e9ger recadrage. Il est important que l\u2019image conserve son caract\u00e8re original et qu\u2019aucun contenu essentiel ne soit ajout\u00e9 ou supprim\u00e9. L\u2019<strong>utilisation d\u2019outils boost\u00e9s \u00e0 l\u2019IA <\/strong>pour l\u2019<strong>optimisation technique <\/strong>est autoris\u00e9e, par exemple pour r\u00e9duire le bruit num\u00e9rique ou am\u00e9liorer l\u00e9g\u00e8rement la nettet\u00e9. Toutefois, les modifications de contenu ou l\u2019ajout d\u2019\u00e9l\u00e9ments d\u2019image au moyen de l\u2019IA ne sont pas autoris\u00e9s.<\/p>\n<\/div>\n<\/div>\n\n\n\n<div class=\"wp-block-columns is-style-accordion is-layout-flex wp-container-core-columns-is-layout-28f84493 wp-block-columns-is-layout-flex\">\n<div class=\"wp-block-column is-layout-flow wp-block-column-is-layout-flow\">\n<h3 class=\"wp-block-heading\">Puis-je soumettre des photos g\u00e9n\u00e9r\u00e9es par l\u2019IA ?<\/h3>\n<\/div>\n\n\n\n<div class=\"wp-block-column is-layout-flow wp-block-column-is-layout-flow\">\n<p>Non. <strong>Les photos g\u00e9n\u00e9r\u00e9es par l\u2019IA ou en grande partie par l\u2019IA ne sont pas autoris\u00e9es.<\/strong> La photo soumise doit \u00eatre bas\u00e9e sur une prise de vue r\u00e9elle et avoir \u00e9t\u00e9 r\u00e9alis\u00e9e par la personne soumettant l\u2019image.<\/p>\n<\/div>\n<\/div>\n\n\n\n<div class=\"wp-block-columns is-style-accordion is-layout-flex wp-container-core-columns-is-layout-28f84493 wp-block-columns-is-layout-flex\">\n<div class=\"wp-block-column is-layout-flow wp-block-column-is-layout-flow\">\n<h3 class=\"wp-block-heading\">Quand saurai-je si ma photo a \u00e9t\u00e9 s\u00e9lectionn\u00e9e&nbsp;?<\/h3>\n<\/div>\n\n\n\n<div class=\"wp-block-column is-layout-flow wp-block-column-is-layout-flow\">\n<p>Une fois l\u2019\u00e9valuation du jury termin\u00e9e, les photos s\u00e9lectionn\u00e9es pour le vote du public seront publi\u00e9es. De plus amples informations sur le d\u00e9roulement et les \u00e9tapes ult\u00e9rieures seront communiqu\u00e9es au fur et \u00e0 mesure sur le site web.<\/p>\n<\/div>\n<\/div>\n\n\n\n<div class=\"wp-block-columns is-style-accordion is-layout-flex wp-container-core-columns-is-layout-28f84493 wp-block-columns-is-layout-flex\">\n<div class=\"wp-block-column is-layout-flow wp-block-column-is-layout-flow\">\n<h3 class=\"wp-block-heading\">Que se passe-t-il avec mes photos apr\u00e8s le concours&nbsp;?<\/h3>\n<\/div>\n\n\n\n<div class=\"wp-block-column is-layout-flow wp-block-column-is-layout-flow\">\n<p>En participant au concours photo, vous acceptez que les \u00ab&nbsp;Paysannes &amp; paysans suisses&nbsp;\u00bb utilisent les photos soumises dans le cadre de sa communication autour du concours. Il s\u2019agit notamment du site web, des r\u00e9seaux sociaux, de la communication papier et en ligne ainsi que de la pr\u00e9sentation publique des photos s\u00e9lectionn\u00e9es pour l\u2019exposition. Vous conservez \u00e0 tout moment les droits d\u2019auteur sur les photos.<\/p>\n<\/div>\n<\/div>\n\n\n\n<div class=\"wp-block-columns is-style-accordion is-layout-flex wp-container-core-columns-is-layout-28f84493 wp-block-columns-is-layout-flex\">\n<div class=\"wp-block-column is-layout-flow wp-block-column-is-layout-flow\">\n<h3 class=\"wp-block-heading\">Comment les photos sont-elles \u00e9valu\u00e9es ?<\/h3>\n<\/div>\n\n\n\n<div class=\"wp-block-column is-layout-flow wp-block-column-is-layout-flow\">\n<p>Les photos soumises sont d\u2019abord \u00e9valu\u00e9es par un jury professionnel. Une dizaine de crit\u00e8res diff\u00e9rents sont pris en compte dans l\u2019\u00e9valuation, notamment l\u2019id\u00e9e de l\u2019image, le message, l\u2019originalit\u00e9, l\u2019effet et l\u2019impression g\u00e9n\u00e9rale. Sur la base de cette \u00e9valuation, le jury s\u00e9lectionne les meilleures photos et les soumet ensuite au vote du public. Lors de ce vote, seul le nombre de voix obtenues compte. Tout le monde est autoris\u00e9 \u00e0 participer au vote du public.<\/p>\n\n\n\n<div class=\"wp-block-buttons is-layout-flex wp-block-buttons-is-layout-flex\">\n<div class=\"wp-block-button\"><a class=\"wp-block-button__link wp-element-button\" href=\"https:\/\/www.agriphoto.ch\/fr\/trois-conseils-pour-des-photos-encore-plus-belles\/\"><strong>Trois conseils\u00a0pour des photos encore plus belles<\/strong><\/a><\/div>\n<\/div>\n<\/div>\n<\/div>\n\n\n\n<div class=\"wp-block-columns is-style-accordion is-layout-flex wp-container-core-columns-is-layout-28f84493 wp-block-columns-is-layout-flex\">\n<div class=\"wp-block-column is-layout-flow wp-block-column-is-layout-flow\">\n<h3 class=\"wp-block-heading\">Qui organise le concours photo ?<\/h3>\n<\/div>\n\n\n\n<div class=\"wp-block-column is-layout-flow wp-block-column-is-layout-flow\">\n<p>Le concours photo est organis\u00e9 et r\u00e9alis\u00e9 par les \u00ab&nbsp;Paysannes &amp; paysans suisses&nbsp;\u00bb. L\u2019objectif est d\u2019offrir \u00e0 la population suisse une plateforme o\u00f9 montrer en photo sa vision de l\u2019agriculture, des gens, du paysage rural, des aliments et des animaux. Le concours est r\u00e9alis\u00e9 de mani\u00e8re ind\u00e9pendante et avec le soutien de diff\u00e9rents partenaires.<\/p>\n<\/div>\n<\/div>\n\n\n\n<div class=\"wp-block-columns is-style-accordion is-layout-flex wp-container-core-columns-is-layout-28f84493 wp-block-columns-is-layout-flex\">\n<div class=\"wp-block-column is-layout-flow wp-block-column-is-layout-flow\">\n<h3 class=\"wp-block-heading\">Comment supprimer une photo ?<\/h3>\n<\/div>\n\n\n\n<div class=\"wp-block-column is-layout-flow wp-block-column-is-layout-flow\">\n<p>Si vous souhaitez supprimer une photo, veuillez vous adresser directement \u00e0 \u00ab&nbsp;Paysannes &amp; paysans suisses&nbsp;\u00bb \u00e0 l\u2019adresse <a href=\"mailto:fotowettbewerb@schweizerbauern.ch\">fotowettbewerb@schweizerbauern.ch<\/a>. Nous nous chargeons ensuite du reste.<\/p>\n<\/div>\n<\/div>\n<\/div>\n","protected":false},"excerpt":{"rendered":"<p>D\u00e9roulement du concours photo De l\u2019envoi des photos au vote du public et \u00e0 la grande exposition \u00e0 la gare centrale de Zurich en passant par le vote du jury, le concours photo suit un processus clair et transparent. Voici les \u00e9tapes du concours et ce \u00e0 quoi vous devez vous attendre. 2. Vote du [&hellip;]<\/p>\n","protected":false},"author":1,"featured_media":0,"parent":0,"menu_order":12,"comment_status":"closed","ping_status":"closed","template":"","meta":{"_acf_changed":false,"inline_featured_image":false,"footnotes":""},"class_list":["post-307","page","type-page","status-publish","hentry"],"acf":[],"yoast_head":"<!-- This site is optimized with the Yoast SEO plugin v27.2 - https:\/\/yoast.com\/product\/yoast-seo-wordpress\/ -->\n<title>Concours photo : d\u00e9roulement - Paysannes &amp; paysans suisses<\/title>\n<meta name=\"description\" content=\"D\u00e9couvrez les diff\u00e9rentes \u00e9tapes du concours photo, de l\u2019envoi des photos \u00e0 l\u2019exposition et \u00e0 la remise des prix \u00e0 la gare centrale de Zurich.\" \/>\n<meta name=\"robots\" content=\"index, follow, max-snippet:-1, max-image-preview:large, max-video-preview:-1\" \/>\n<link rel=\"canonical\" href=\"https:\/\/www.agriphoto.ch\/fr\/deroulement-en-detail\/\" \/>\n<meta property=\"og:locale\" content=\"fr_FR\" \/>\n<meta property=\"og:type\" content=\"article\" \/>\n<meta property=\"og:title\" content=\"Concours photo : d\u00e9roulement - Paysannes &amp; paysans suisses\" \/>\n<meta property=\"og:description\" content=\"D\u00e9couvrez les diff\u00e9rentes \u00e9tapes du concours photo, de l\u2019envoi des photos \u00e0 l\u2019exposition et \u00e0 la remise des prix \u00e0 la gare centrale de Zurich.\" \/>\n<meta property=\"og:url\" content=\"https:\/\/www.agriphoto.ch\/fr\/deroulement-en-detail\/\" \/>\n<meta property=\"og:site_name\" content=\"Paysannes &amp; paysans suisses\" \/>\n<meta property=\"article:publisher\" content=\"https:\/\/www.facebook.com\/schweizer.bauern\/\" \/>\n<meta property=\"article:modified_time\" content=\"2026-03-16T13:15:52+00:00\" \/>\n<meta property=\"og:image\" content=\"https:\/\/www.agriphoto.ch\/wp-content\/uploads\/2026\/02\/Mensch_Alphorn_03-814x1024.jpg\" \/>\n<meta name=\"twitter:card\" content=\"summary_large_image\" \/>\n<meta name=\"twitter:label1\" content=\"Dur\u00e9e de lecture estim\u00e9e\" \/>\n\t<meta name=\"twitter:data1\" content=\"6 minutes\" \/>\n<script type=\"application\/ld+json\" class=\"yoast-schema-graph\">{\"@context\":\"https:\/\/schema.org\",\"@graph\":[{\"@type\":\"WebPage\",\"@id\":\"https:\/\/www.agriphoto.ch\/fr\/deroulement-en-detail\/\",\"url\":\"https:\/\/www.agriphoto.ch\/fr\/deroulement-en-detail\/\",\"name\":\"Concours photo : d\u00e9roulement - Paysannes & paysans suisses\",\"isPartOf\":{\"@id\":\"https:\/\/www.agriphoto.ch\/fr\/#website\"},\"primaryImageOfPage\":{\"@id\":\"https:\/\/www.agriphoto.ch\/fr\/deroulement-en-detail\/#primaryimage\"},\"image\":{\"@id\":\"https:\/\/www.agriphoto.ch\/fr\/deroulement-en-detail\/#primaryimage\"},\"thumbnailUrl\":\"https:\/\/www.agriphoto.ch\/wp-content\/uploads\/2026\/02\/Mensch_Alphorn_03-814x1024.jpg\",\"datePublished\":\"2026-02-05T10:33:16+00:00\",\"dateModified\":\"2026-03-16T13:15:52+00:00\",\"description\":\"D\u00e9couvrez les diff\u00e9rentes \u00e9tapes du concours photo, de l\u2019envoi des photos \u00e0 l\u2019exposition et \u00e0 la remise des prix \u00e0 la gare centrale de Zurich.\",\"breadcrumb\":{\"@id\":\"https:\/\/www.agriphoto.ch\/fr\/deroulement-en-detail\/#breadcrumb\"},\"inLanguage\":\"fr-FR\",\"potentialAction\":[{\"@type\":\"ReadAction\",\"target\":[\"https:\/\/www.agriphoto.ch\/fr\/deroulement-en-detail\/\"]}]},{\"@type\":\"ImageObject\",\"inLanguage\":\"fr-FR\",\"@id\":\"https:\/\/www.agriphoto.ch\/fr\/deroulement-en-detail\/#primaryimage\",\"url\":\"https:\/\/www.agriphoto.ch\/wp-content\/uploads\/2026\/02\/Mensch_Alphorn_03-814x1024.jpg\",\"contentUrl\":\"https:\/\/www.agriphoto.ch\/wp-content\/uploads\/2026\/02\/Mensch_Alphorn_03-814x1024.jpg\"},{\"@type\":\"BreadcrumbList\",\"@id\":\"https:\/\/www.agriphoto.ch\/fr\/deroulement-en-detail\/#breadcrumb\",\"itemListElement\":[{\"@type\":\"ListItem\",\"position\":1,\"name\":\"Page d\u2019accueil\",\"item\":\"https:\/\/www.agriphoto.ch\/fr\/concours-photo-des-paysannes-paysans-suisses\/\"},{\"@type\":\"ListItem\",\"position\":2,\"name\":\"D\u00e9roulement en d\u00e9tail\"}]},{\"@type\":\"WebSite\",\"@id\":\"https:\/\/www.agriphoto.ch\/fr\/#website\",\"url\":\"https:\/\/www.agriphoto.ch\/fr\/\",\"name\":\"Fotowettbewerb der Schweizer B\u00e4uerinnen & Bauern\",\"description\":\"\",\"publisher\":{\"@id\":\"https:\/\/www.agriphoto.ch\/fr\/#organization\"},\"alternateName\":\"Fotowettbewerb Agriphoto\",\"potentialAction\":[{\"@type\":\"SearchAction\",\"target\":{\"@type\":\"EntryPoint\",\"urlTemplate\":\"https:\/\/www.agriphoto.ch\/fr\/?s={search_term_string}\"},\"query-input\":{\"@type\":\"PropertyValueSpecification\",\"valueRequired\":true,\"valueName\":\"search_term_string\"}}],\"inLanguage\":\"fr-FR\"},{\"@type\":\"Organization\",\"@id\":\"https:\/\/www.agriphoto.ch\/fr\/#organization\",\"name\":\"Fotowettbewerb Agriphoto\",\"url\":\"https:\/\/www.agriphoto.ch\/fr\/\",\"logo\":{\"@type\":\"ImageObject\",\"inLanguage\":\"fr-FR\",\"@id\":\"https:\/\/www.agriphoto.ch\/fr\/#\/schema\/logo\/image\/\",\"url\":\"https:\/\/www.agriphoto.ch\/wp-content\/uploads\/2026\/02\/rz_agriphoto_SB_Energy-Media_Logo_quer_1.jpg\",\"contentUrl\":\"https:\/\/www.agriphoto.ch\/wp-content\/uploads\/2026\/02\/rz_agriphoto_SB_Energy-Media_Logo_quer_1.jpg\",\"width\":1200,\"height\":400,\"caption\":\"Fotowettbewerb Agriphoto\"},\"image\":{\"@id\":\"https:\/\/www.agriphoto.ch\/fr\/#\/schema\/logo\/image\/\"},\"sameAs\":[\"https:\/\/www.facebook.com\/schweizer.bauern\/\",\"https:\/\/www.instagram.com\/schweizer.bauern\/\",\"https:\/\/www.tiktok.com\/@schweizer.bauern\",\"https:\/\/www.youtube.com\/c\/SchweizerBauern\"]}]}<\/script>\n<!-- \/ Yoast SEO plugin. -->","yoast_head_json":{"title":"Concours photo : d\u00e9roulement - Paysannes & paysans suisses","description":"D\u00e9couvrez les diff\u00e9rentes \u00e9tapes du concours photo, de l\u2019envoi des photos \u00e0 l\u2019exposition et \u00e0 la remise des prix \u00e0 la gare centrale de Zurich.","robots":{"index":"index","follow":"follow","max-snippet":"max-snippet:-1","max-image-preview":"max-image-preview:large","max-video-preview":"max-video-preview:-1"},"canonical":"https:\/\/www.agriphoto.ch\/fr\/deroulement-en-detail\/","og_locale":"fr_FR","og_type":"article","og_title":"Concours photo : d\u00e9roulement - Paysannes & paysans suisses","og_description":"D\u00e9couvrez les diff\u00e9rentes \u00e9tapes du concours photo, de l\u2019envoi des photos \u00e0 l\u2019exposition et \u00e0 la remise des prix \u00e0 la gare centrale de Zurich.","og_url":"https:\/\/www.agriphoto.ch\/fr\/deroulement-en-detail\/","og_site_name":"Paysannes & paysans suisses","article_publisher":"https:\/\/www.facebook.com\/schweizer.bauern\/","article_modified_time":"2026-03-16T13:15:52+00:00","og_image":[{"url":"https:\/\/www.agriphoto.ch\/wp-content\/uploads\/2026\/02\/Mensch_Alphorn_03-814x1024.jpg","type":"","width":"","height":""}],"twitter_card":"summary_large_image","twitter_misc":{"Dur\u00e9e de lecture estim\u00e9e":"6 minutes"},"schema":{"@context":"https:\/\/schema.org","@graph":[{"@type":"WebPage","@id":"https:\/\/www.agriphoto.ch\/fr\/deroulement-en-detail\/","url":"https:\/\/www.agriphoto.ch\/fr\/deroulement-en-detail\/","name":"Concours photo : d\u00e9roulement - Paysannes & paysans suisses","isPartOf":{"@id":"https:\/\/www.agriphoto.ch\/fr\/#website"},"primaryImageOfPage":{"@id":"https:\/\/www.agriphoto.ch\/fr\/deroulement-en-detail\/#primaryimage"},"image":{"@id":"https:\/\/www.agriphoto.ch\/fr\/deroulement-en-detail\/#primaryimage"},"thumbnailUrl":"https:\/\/www.agriphoto.ch\/wp-content\/uploads\/2026\/02\/Mensch_Alphorn_03-814x1024.jpg","datePublished":"2026-02-05T10:33:16+00:00","dateModified":"2026-03-16T13:15:52+00:00","description":"D\u00e9couvrez les diff\u00e9rentes \u00e9tapes du concours photo, de l\u2019envoi des photos \u00e0 l\u2019exposition et \u00e0 la remise des prix \u00e0 la gare centrale de Zurich.","breadcrumb":{"@id":"https:\/\/www.agriphoto.ch\/fr\/deroulement-en-detail\/#breadcrumb"},"inLanguage":"fr-FR","potentialAction":[{"@type":"ReadAction","target":["https:\/\/www.agriphoto.ch\/fr\/deroulement-en-detail\/"]}]},{"@type":"ImageObject","inLanguage":"fr-FR","@id":"https:\/\/www.agriphoto.ch\/fr\/deroulement-en-detail\/#primaryimage","url":"https:\/\/www.agriphoto.ch\/wp-content\/uploads\/2026\/02\/Mensch_Alphorn_03-814x1024.jpg","contentUrl":"https:\/\/www.agriphoto.ch\/wp-content\/uploads\/2026\/02\/Mensch_Alphorn_03-814x1024.jpg"},{"@type":"BreadcrumbList","@id":"https:\/\/www.agriphoto.ch\/fr\/deroulement-en-detail\/#breadcrumb","itemListElement":[{"@type":"ListItem","position":1,"name":"Page d\u2019accueil","item":"https:\/\/www.agriphoto.ch\/fr\/concours-photo-des-paysannes-paysans-suisses\/"},{"@type":"ListItem","position":2,"name":"D\u00e9roulement en d\u00e9tail"}]},{"@type":"WebSite","@id":"https:\/\/www.agriphoto.ch\/fr\/#website","url":"https:\/\/www.agriphoto.ch\/fr\/","name":"Fotowettbewerb der Schweizer B\u00e4uerinnen & Bauern","description":"","publisher":{"@id":"https:\/\/www.agriphoto.ch\/fr\/#organization"},"alternateName":"Fotowettbewerb Agriphoto","potentialAction":[{"@type":"SearchAction","target":{"@type":"EntryPoint","urlTemplate":"https:\/\/www.agriphoto.ch\/fr\/?s={search_term_string}"},"query-input":{"@type":"PropertyValueSpecification","valueRequired":true,"valueName":"search_term_string"}}],"inLanguage":"fr-FR"},{"@type":"Organization","@id":"https:\/\/www.agriphoto.ch\/fr\/#organization","name":"Fotowettbewerb Agriphoto","url":"https:\/\/www.agriphoto.ch\/fr\/","logo":{"@type":"ImageObject","inLanguage":"fr-FR","@id":"https:\/\/www.agriphoto.ch\/fr\/#\/schema\/logo\/image\/","url":"https:\/\/www.agriphoto.ch\/wp-content\/uploads\/2026\/02\/rz_agriphoto_SB_Energy-Media_Logo_quer_1.jpg","contentUrl":"https:\/\/www.agriphoto.ch\/wp-content\/uploads\/2026\/02\/rz_agriphoto_SB_Energy-Media_Logo_quer_1.jpg","width":1200,"height":400,"caption":"Fotowettbewerb Agriphoto"},"image":{"@id":"https:\/\/www.agriphoto.ch\/fr\/#\/schema\/logo\/image\/"},"sameAs":["https:\/\/www.facebook.com\/schweizer.bauern\/","https:\/\/www.instagram.com\/schweizer.bauern\/","https:\/\/www.tiktok.com\/@schweizer.bauern","https:\/\/www.youtube.com\/c\/SchweizerBauern"]}]}},"_links":{"self":[{"href":"https:\/\/www.agriphoto.ch\/fr\/wp-json\/wp\/v2\/pages\/307","targetHints":{"allow":["GET"]}}],"collection":[{"href":"https:\/\/www.agriphoto.ch\/fr\/wp-json\/wp\/v2\/pages"}],"about":[{"href":"https:\/\/www.agriphoto.ch\/fr\/wp-json\/wp\/v2\/types\/page"}],"author":[{"embeddable":true,"href":"https:\/\/www.agriphoto.ch\/fr\/wp-json\/wp\/v2\/users\/1"}],"replies":[{"embeddable":true,"href":"https:\/\/www.agriphoto.ch\/fr\/wp-json\/wp\/v2\/comments?post=307"}],"version-history":[{"count":9,"href":"https:\/\/www.agriphoto.ch\/fr\/wp-json\/wp\/v2\/pages\/307\/revisions"}],"predecessor-version":[{"id":2577,"href":"https:\/\/www.agriphoto.ch\/fr\/wp-json\/wp\/v2\/pages\/307\/revisions\/2577"}],"wp:attachment":[{"href":"https:\/\/www.agriphoto.ch\/fr\/wp-json\/wp\/v2\/media?parent=307"}],"curies":[{"name":"wp","href":"https:\/\/api.w.org\/{rel}","templated":true}]}}