{"id":857,"date":"2026-02-05T10:34:36","date_gmt":"2026-02-05T10:34:36","guid":{"rendered":"https:\/\/www.agriphoto.ch\/?page_id=857"},"modified":"2026-03-16T13:15:25","modified_gmt":"2026-03-16T13:15:25","slug":"jury","status":"publish","type":"page","link":"https:\/\/www.agriphoto.ch\/fr\/jury\/","title":{"rendered":"Jury"},"content":{"rendered":"<div class=\"yoast-breadcrumbs\"><span><span><a href=\"https:\/\/www.agriphoto.ch\/fr\/concours-photo-des-paysannes-paysans-suisses\/\">Page d\u2019accueil<\/a><\/span> \u00bb <span class=\"breadcrumb_last\" aria-current=\"page\">Jury<\/span><\/span><\/div>\n\n\n<div class=\"wp-block-group is-style-narrow-10-12 is-layout-constrained wp-block-group-is-layout-constrained\">\n<h1 class=\"wp-block-heading has-text-align-center\"><strong>Notre<\/strong> <mark style=\"background-color:rgba(0, 0, 0, 0)\" class=\"has-inline-color has-primary-color\">jury<\/mark><\/h1>\n\n\n\n<p class=\"has-text-align-center is-style-lead\">Les photos soumises seront \u00e9valu\u00e9es par un jury polyvalent compos\u00e9 de cinq personnes, dont des sp\u00e9cialistes de la photographie, du design et de la communication visuelle, mais aussi des membres du monde agricole. Ensemble, ils \u00e9valueront les photos selon des crit\u00e8res clairement d\u00e9finis et s\u00e9lectionneront celles qui les auront convaincus tant par leur contenu que par leur conception.<\/p>\n<\/div>\n\n\n\n<div class=\"wp-block-group alignfull is-layout-constrained wp-block-group-is-layout-constrained\">\n<h2 class=\"wp-block-heading has-text-align-center\"><strong><strong>Sp\u00e9cialistes de la photographie<\/strong><\/strong><\/h2>\n<\/div>\n\n\n\n<div class=\"wp-block-media-text alignwide has-media-on-the-right is-stacked-on-mobile is-vertically-aligned-top is-image-fill-element has-background-alt-background-color has-background\"><div class=\"wp-block-media-text__content\">\n<h3 class=\"wp-block-heading\"><strong><strong>Martin M\u00e4gli<\/strong><\/strong><\/h3>\n\n\n\n<p>Martin est photographe professionnel de la nature et des paysages. Il compte parmi les photographes de paysages les plus connus de Suisse. Il photographie principalement en Suisse et est connu pour ses ambiances lumineuses particuli\u00e8res et ses nouveaux angles de vue sur des paysages familiers. Il a \u00e9t\u00e9 r\u00e9compens\u00e9 \u00e0 plusieurs reprises lors de concours photos nationaux et internationaux. Il pr\u00e9sente ses photos lors d\u2019expositions et donne des conf\u00e9rences. Il transmet son savoir lors de cours et d\u2019ateliers de photographie.<\/p>\n\n\n\n<div class=\"wp-block-buttons is-layout-flex wp-block-buttons-is-layout-flex\">\n<div class=\"wp-block-button\"><a class=\"wp-block-button__link wp-element-button\" href=\"https:\/\/www.agriphoto.ch\/fr\/trois-conseils-pour-des-photos-encore-plus-belles\/\">Trois conseils pour des photos encore plus belles<\/a><\/div>\n<\/div>\n<\/div><figure class=\"wp-block-media-text__media\"><img loading=\"lazy\" decoding=\"async\" width=\"1024\" height=\"683\" src=\"https:\/\/www.agriphoto.ch\/wp-content\/uploads\/2026\/02\/Jurymitglied-Martin-Maegli-1024x683.jpg\" alt=\"\" class=\"wp-image-446 size-full\" style=\"object-position:50% 50%\" srcset=\"https:\/\/www.agriphoto.ch\/wp-content\/uploads\/2026\/02\/Jurymitglied-Martin-Maegli-1024x683.jpg 1024w, https:\/\/www.agriphoto.ch\/wp-content\/uploads\/2026\/02\/Jurymitglied-Martin-Maegli-300x200.jpg 300w, https:\/\/www.agriphoto.ch\/wp-content\/uploads\/2026\/02\/Jurymitglied-Martin-Maegli-768x512.jpg 768w, https:\/\/www.agriphoto.ch\/wp-content\/uploads\/2026\/02\/Jurymitglied-Martin-Maegli-1536x1024.jpg 1536w, https:\/\/www.agriphoto.ch\/wp-content\/uploads\/2026\/02\/Jurymitglied-Martin-Maegli.jpg 1920w\" sizes=\"auto, (max-width: 1024px) 100vw, 1024px\" \/><\/figure><\/div>\n\n\n\n<div class=\"wp-block-media-text alignwide is-stacked-on-mobile is-vertically-aligned-top is-image-fill-element has-background-alt-background-color has-background\"><figure class=\"wp-block-media-text__media\"><img loading=\"lazy\" decoding=\"async\" width=\"1024\" height=\"682\" src=\"https:\/\/www.agriphoto.ch\/wp-content\/uploads\/2026\/02\/Remo-Buess-Jury-1024x682.jpg\" alt=\"\" class=\"wp-image-469 size-full\" style=\"object-position:50% 50%\" srcset=\"https:\/\/www.agriphoto.ch\/wp-content\/uploads\/2026\/02\/Remo-Buess-Jury-1024x682.jpg 1024w, https:\/\/www.agriphoto.ch\/wp-content\/uploads\/2026\/02\/Remo-Buess-Jury-300x200.jpg 300w, https:\/\/www.agriphoto.ch\/wp-content\/uploads\/2026\/02\/Remo-Buess-Jury-768x512.jpg 768w, https:\/\/www.agriphoto.ch\/wp-content\/uploads\/2026\/02\/Remo-Buess-Jury-1536x1024.jpg 1536w, https:\/\/www.agriphoto.ch\/wp-content\/uploads\/2026\/02\/Remo-Buess-Jury.jpg 2000w\" sizes=\"auto, (max-width: 1024px) 100vw, 1024px\" \/><\/figure><div class=\"wp-block-media-text__content\">\n<h3 class=\"wp-block-heading\"><strong><strong>Remo Buess<\/strong><\/strong><\/h3>\n\n\n\n<p>Remo est un photographe de portraits et de reportages qui se concentre sur les gens, leur travail et leur environnement.<\/p>\n\n\n\n<p>Il travaille au carrefour du portrait, du reportage et de l\u2019environnement pour la communication d\u2019entreprise, les \u00e9ditoriaux et les projets \u00e0 long terme. Il est \u00e9galement cofondateur et codirecteur de l\u2019International Photo Festival Olten et de la Haus der Fotografie.<\/p>\n<\/div><\/div>\n\n\n\n<div class=\"wp-block-media-text alignwide has-media-on-the-right is-stacked-on-mobile is-vertically-aligned-top is-image-fill-element has-background-alt-background-color has-background\"><div class=\"wp-block-media-text__content\">\n<h3 class=\"wp-block-heading\"><strong><strong>Rahel Zuber<\/strong><\/strong><\/h3>\n\n\n\n<p>Rahel est dipl\u00f4m\u00e9e ES en design de communication avec une sp\u00e9cialisation en photographie. Elle travaille comme r\u00e9dactrice-illustratrice chez Tamedia et comme photographe ind\u00e9pendante. Elle se concentre sur diff\u00e9rentes techniques et styles de photographie. Outre la photographie num\u00e9rique, elle aime exp\u00e9rimenter avec diff\u00e9rents films analogiques et processus de d\u00e9veloppement. Depuis 2024, elle est membre du collectif LUNAX. En 2025, elle a re\u00e7u le SwissPress Award dans la cat\u00e9gorie Histoires suisses.<\/p>\n<\/div><figure class=\"wp-block-media-text__media\"><img loading=\"lazy\" decoding=\"async\" width=\"1024\" height=\"683\" src=\"https:\/\/www.agriphoto.ch\/wp-content\/uploads\/2026\/02\/uj_Rahel_Zuber_004-1024x683.jpeg\" alt=\"\" class=\"wp-image-448 size-full\" style=\"object-position:50% 50%\" srcset=\"https:\/\/www.agriphoto.ch\/wp-content\/uploads\/2026\/02\/uj_Rahel_Zuber_004-1024x683.jpeg 1024w, https:\/\/www.agriphoto.ch\/wp-content\/uploads\/2026\/02\/uj_Rahel_Zuber_004-300x200.jpeg 300w, https:\/\/www.agriphoto.ch\/wp-content\/uploads\/2026\/02\/uj_Rahel_Zuber_004-768x512.jpeg 768w, https:\/\/www.agriphoto.ch\/wp-content\/uploads\/2026\/02\/uj_Rahel_Zuber_004-1536x1024.jpeg 1536w, https:\/\/www.agriphoto.ch\/wp-content\/uploads\/2026\/02\/uj_Rahel_Zuber_004-2048x1365.jpeg 2048w\" sizes=\"auto, (max-width: 1024px) 100vw, 1024px\" \/><\/figure><\/div>\n\n\n\n<div class=\"wp-block-group is-style-narrow-10-12 is-layout-constrained wp-block-group-is-layout-constrained\">\n<h2 class=\"wp-block-heading has-text-align-center\"><strong><strong>Sp\u00e9cialistes de l\u2019agriculture<\/strong><\/strong><\/h2>\n\n\n\n<p class=\"has-text-align-center\">Outre des sp\u00e9cialistes de la photographie, deux <strong>repr\u00e9sentants de l\u2019agriculture suisse<\/strong> font partie du jury. Ils apportent leur expertise pratique, leur exp\u00e9rience de l\u2019agriculture au quotidien et leur compr\u00e9hension des relations entre l\u2019homme, la terre, l\u2019alimentation et l\u2019animal. Ainsi, l\u2019authenticit\u00e9, le contexte et la proximit\u00e9 avec la r\u00e9alit\u00e9 de l\u2019agriculture suisse sont pris en compte dans l\u2019\u00e9valuation des photos en plus des crit\u00e8res cr\u00e9atifs.<\/p>\n<\/div>\n","protected":false},"excerpt":{"rendered":"<p>Notre jury Les photos soumises seront \u00e9valu\u00e9es par un jury polyvalent compos\u00e9 de cinq personnes, dont des sp\u00e9cialistes de la photographie, du design et de la communication visuelle, mais aussi des membres du monde agricole. Ensemble, ils \u00e9valueront les photos selon des crit\u00e8res clairement d\u00e9finis et s\u00e9lectionneront celles qui les auront convaincus tant par leur [&hellip;]<\/p>\n","protected":false},"author":1,"featured_media":0,"parent":0,"menu_order":16,"comment_status":"closed","ping_status":"closed","template":"","meta":{"_acf_changed":false,"inline_featured_image":false,"footnotes":""},"class_list":["post-857","page","type-page","status-publish","hentry"],"acf":[],"yoast_head":"<!-- This site is optimized with the Yoast SEO plugin v27.2 - https:\/\/yoast.com\/product\/yoast-seo-wordpress\/ -->\n<title>Concours photo : jury - Paysannes &amp; paysans suisses<\/title>\n<meta name=\"description\" content=\"D\u00e9couvrez les membres du jury : des sp\u00e9cialistes de la photographie, de la communication et de l\u2019agriculture \u00e9valuent les photos soumises.\" \/>\n<meta name=\"robots\" content=\"index, follow, max-snippet:-1, max-image-preview:large, max-video-preview:-1\" \/>\n<link rel=\"canonical\" href=\"https:\/\/www.agriphoto.ch\/fr\/jury\/\" \/>\n<meta property=\"og:locale\" content=\"fr_FR\" \/>\n<meta property=\"og:type\" content=\"article\" \/>\n<meta property=\"og:title\" content=\"Concours photo : jury - Paysannes &amp; paysans suisses\" \/>\n<meta property=\"og:description\" content=\"D\u00e9couvrez les membres du jury : des sp\u00e9cialistes de la photographie, de la communication et de l\u2019agriculture \u00e9valuent les photos soumises.\" \/>\n<meta property=\"og:url\" content=\"https:\/\/www.agriphoto.ch\/fr\/jury\/\" \/>\n<meta property=\"og:site_name\" content=\"Paysannes &amp; paysans suisses\" \/>\n<meta property=\"article:publisher\" content=\"https:\/\/www.facebook.com\/schweizer.bauern\/\" \/>\n<meta property=\"article:modified_time\" content=\"2026-03-16T13:15:25+00:00\" \/>\n<meta property=\"og:image\" content=\"https:\/\/www.agriphoto.ch\/wp-content\/uploads\/2026\/02\/Jurymitglied-Martin-Maegli-1024x683.jpg\" \/>\n<meta name=\"twitter:card\" content=\"summary_large_image\" \/>\n<meta name=\"twitter:label1\" content=\"Dur\u00e9e de lecture estim\u00e9e\" \/>\n\t<meta name=\"twitter:data1\" content=\"3 minutes\" \/>\n<script type=\"application\/ld+json\" class=\"yoast-schema-graph\">{\"@context\":\"https:\/\/schema.org\",\"@graph\":[{\"@type\":\"WebPage\",\"@id\":\"https:\/\/www.agriphoto.ch\/fr\/jury\/\",\"url\":\"https:\/\/www.agriphoto.ch\/fr\/jury\/\",\"name\":\"Concours photo : jury - Paysannes & paysans suisses\",\"isPartOf\":{\"@id\":\"https:\/\/www.agriphoto.ch\/fr\/#website\"},\"primaryImageOfPage\":{\"@id\":\"https:\/\/www.agriphoto.ch\/fr\/jury\/#primaryimage\"},\"image\":{\"@id\":\"https:\/\/www.agriphoto.ch\/fr\/jury\/#primaryimage\"},\"thumbnailUrl\":\"https:\/\/www.agriphoto.ch\/wp-content\/uploads\/2026\/02\/Jurymitglied-Martin-Maegli-1024x683.jpg\",\"datePublished\":\"2026-02-05T10:34:36+00:00\",\"dateModified\":\"2026-03-16T13:15:25+00:00\",\"description\":\"D\u00e9couvrez les membres du jury : des sp\u00e9cialistes de la photographie, de la communication et de l\u2019agriculture \u00e9valuent les photos soumises.\",\"breadcrumb\":{\"@id\":\"https:\/\/www.agriphoto.ch\/fr\/jury\/#breadcrumb\"},\"inLanguage\":\"fr-FR\",\"potentialAction\":[{\"@type\":\"ReadAction\",\"target\":[\"https:\/\/www.agriphoto.ch\/fr\/jury\/\"]}]},{\"@type\":\"ImageObject\",\"inLanguage\":\"fr-FR\",\"@id\":\"https:\/\/www.agriphoto.ch\/fr\/jury\/#primaryimage\",\"url\":\"https:\/\/www.agriphoto.ch\/wp-content\/uploads\/2026\/02\/Jurymitglied-Martin-Maegli-1024x683.jpg\",\"contentUrl\":\"https:\/\/www.agriphoto.ch\/wp-content\/uploads\/2026\/02\/Jurymitglied-Martin-Maegli-1024x683.jpg\"},{\"@type\":\"BreadcrumbList\",\"@id\":\"https:\/\/www.agriphoto.ch\/fr\/jury\/#breadcrumb\",\"itemListElement\":[{\"@type\":\"ListItem\",\"position\":1,\"name\":\"Page d\u2019accueil\",\"item\":\"https:\/\/www.agriphoto.ch\/fr\/concours-photo-des-paysannes-paysans-suisses\/\"},{\"@type\":\"ListItem\",\"position\":2,\"name\":\"Jury\"}]},{\"@type\":\"WebSite\",\"@id\":\"https:\/\/www.agriphoto.ch\/fr\/#website\",\"url\":\"https:\/\/www.agriphoto.ch\/fr\/\",\"name\":\"Fotowettbewerb der Schweizer B\u00e4uerinnen & Bauern\",\"description\":\"\",\"publisher\":{\"@id\":\"https:\/\/www.agriphoto.ch\/fr\/#organization\"},\"alternateName\":\"Fotowettbewerb Agriphoto\",\"potentialAction\":[{\"@type\":\"SearchAction\",\"target\":{\"@type\":\"EntryPoint\",\"urlTemplate\":\"https:\/\/www.agriphoto.ch\/fr\/?s={search_term_string}\"},\"query-input\":{\"@type\":\"PropertyValueSpecification\",\"valueRequired\":true,\"valueName\":\"search_term_string\"}}],\"inLanguage\":\"fr-FR\"},{\"@type\":\"Organization\",\"@id\":\"https:\/\/www.agriphoto.ch\/fr\/#organization\",\"name\":\"Fotowettbewerb Agriphoto\",\"url\":\"https:\/\/www.agriphoto.ch\/fr\/\",\"logo\":{\"@type\":\"ImageObject\",\"inLanguage\":\"fr-FR\",\"@id\":\"https:\/\/www.agriphoto.ch\/fr\/#\/schema\/logo\/image\/\",\"url\":\"https:\/\/www.agriphoto.ch\/wp-content\/uploads\/2026\/02\/rz_agriphoto_SB_Energy-Media_Logo_quer_1.jpg\",\"contentUrl\":\"https:\/\/www.agriphoto.ch\/wp-content\/uploads\/2026\/02\/rz_agriphoto_SB_Energy-Media_Logo_quer_1.jpg\",\"width\":1200,\"height\":400,\"caption\":\"Fotowettbewerb Agriphoto\"},\"image\":{\"@id\":\"https:\/\/www.agriphoto.ch\/fr\/#\/schema\/logo\/image\/\"},\"sameAs\":[\"https:\/\/www.facebook.com\/schweizer.bauern\/\",\"https:\/\/www.instagram.com\/schweizer.bauern\/\",\"https:\/\/www.tiktok.com\/@schweizer.bauern\",\"https:\/\/www.youtube.com\/c\/SchweizerBauern\"]}]}<\/script>\n<!-- \/ Yoast SEO plugin. -->","yoast_head_json":{"title":"Concours photo : jury - Paysannes & paysans suisses","description":"D\u00e9couvrez les membres du jury : des sp\u00e9cialistes de la photographie, de la communication et de l\u2019agriculture \u00e9valuent les photos soumises.","robots":{"index":"index","follow":"follow","max-snippet":"max-snippet:-1","max-image-preview":"max-image-preview:large","max-video-preview":"max-video-preview:-1"},"canonical":"https:\/\/www.agriphoto.ch\/fr\/jury\/","og_locale":"fr_FR","og_type":"article","og_title":"Concours photo : jury - Paysannes & paysans suisses","og_description":"D\u00e9couvrez les membres du jury : des sp\u00e9cialistes de la photographie, de la communication et de l\u2019agriculture \u00e9valuent les photos soumises.","og_url":"https:\/\/www.agriphoto.ch\/fr\/jury\/","og_site_name":"Paysannes & paysans suisses","article_publisher":"https:\/\/www.facebook.com\/schweizer.bauern\/","article_modified_time":"2026-03-16T13:15:25+00:00","og_image":[{"url":"https:\/\/www.agriphoto.ch\/wp-content\/uploads\/2026\/02\/Jurymitglied-Martin-Maegli-1024x683.jpg","type":"","width":"","height":""}],"twitter_card":"summary_large_image","twitter_misc":{"Dur\u00e9e de lecture estim\u00e9e":"3 minutes"},"schema":{"@context":"https:\/\/schema.org","@graph":[{"@type":"WebPage","@id":"https:\/\/www.agriphoto.ch\/fr\/jury\/","url":"https:\/\/www.agriphoto.ch\/fr\/jury\/","name":"Concours photo : jury - Paysannes & paysans suisses","isPartOf":{"@id":"https:\/\/www.agriphoto.ch\/fr\/#website"},"primaryImageOfPage":{"@id":"https:\/\/www.agriphoto.ch\/fr\/jury\/#primaryimage"},"image":{"@id":"https:\/\/www.agriphoto.ch\/fr\/jury\/#primaryimage"},"thumbnailUrl":"https:\/\/www.agriphoto.ch\/wp-content\/uploads\/2026\/02\/Jurymitglied-Martin-Maegli-1024x683.jpg","datePublished":"2026-02-05T10:34:36+00:00","dateModified":"2026-03-16T13:15:25+00:00","description":"D\u00e9couvrez les membres du jury : des sp\u00e9cialistes de la photographie, de la communication et de l\u2019agriculture \u00e9valuent les photos soumises.","breadcrumb":{"@id":"https:\/\/www.agriphoto.ch\/fr\/jury\/#breadcrumb"},"inLanguage":"fr-FR","potentialAction":[{"@type":"ReadAction","target":["https:\/\/www.agriphoto.ch\/fr\/jury\/"]}]},{"@type":"ImageObject","inLanguage":"fr-FR","@id":"https:\/\/www.agriphoto.ch\/fr\/jury\/#primaryimage","url":"https:\/\/www.agriphoto.ch\/wp-content\/uploads\/2026\/02\/Jurymitglied-Martin-Maegli-1024x683.jpg","contentUrl":"https:\/\/www.agriphoto.ch\/wp-content\/uploads\/2026\/02\/Jurymitglied-Martin-Maegli-1024x683.jpg"},{"@type":"BreadcrumbList","@id":"https:\/\/www.agriphoto.ch\/fr\/jury\/#breadcrumb","itemListElement":[{"@type":"ListItem","position":1,"name":"Page d\u2019accueil","item":"https:\/\/www.agriphoto.ch\/fr\/concours-photo-des-paysannes-paysans-suisses\/"},{"@type":"ListItem","position":2,"name":"Jury"}]},{"@type":"WebSite","@id":"https:\/\/www.agriphoto.ch\/fr\/#website","url":"https:\/\/www.agriphoto.ch\/fr\/","name":"Fotowettbewerb der Schweizer B\u00e4uerinnen & Bauern","description":"","publisher":{"@id":"https:\/\/www.agriphoto.ch\/fr\/#organization"},"alternateName":"Fotowettbewerb Agriphoto","potentialAction":[{"@type":"SearchAction","target":{"@type":"EntryPoint","urlTemplate":"https:\/\/www.agriphoto.ch\/fr\/?s={search_term_string}"},"query-input":{"@type":"PropertyValueSpecification","valueRequired":true,"valueName":"search_term_string"}}],"inLanguage":"fr-FR"},{"@type":"Organization","@id":"https:\/\/www.agriphoto.ch\/fr\/#organization","name":"Fotowettbewerb Agriphoto","url":"https:\/\/www.agriphoto.ch\/fr\/","logo":{"@type":"ImageObject","inLanguage":"fr-FR","@id":"https:\/\/www.agriphoto.ch\/fr\/#\/schema\/logo\/image\/","url":"https:\/\/www.agriphoto.ch\/wp-content\/uploads\/2026\/02\/rz_agriphoto_SB_Energy-Media_Logo_quer_1.jpg","contentUrl":"https:\/\/www.agriphoto.ch\/wp-content\/uploads\/2026\/02\/rz_agriphoto_SB_Energy-Media_Logo_quer_1.jpg","width":1200,"height":400,"caption":"Fotowettbewerb Agriphoto"},"image":{"@id":"https:\/\/www.agriphoto.ch\/fr\/#\/schema\/logo\/image\/"},"sameAs":["https:\/\/www.facebook.com\/schweizer.bauern\/","https:\/\/www.instagram.com\/schweizer.bauern\/","https:\/\/www.tiktok.com\/@schweizer.bauern","https:\/\/www.youtube.com\/c\/SchweizerBauern"]}]}},"_links":{"self":[{"href":"https:\/\/www.agriphoto.ch\/fr\/wp-json\/wp\/v2\/pages\/857","targetHints":{"allow":["GET"]}}],"collection":[{"href":"https:\/\/www.agriphoto.ch\/fr\/wp-json\/wp\/v2\/pages"}],"about":[{"href":"https:\/\/www.agriphoto.ch\/fr\/wp-json\/wp\/v2\/types\/page"}],"author":[{"embeddable":true,"href":"https:\/\/www.agriphoto.ch\/fr\/wp-json\/wp\/v2\/users\/1"}],"replies":[{"embeddable":true,"href":"https:\/\/www.agriphoto.ch\/fr\/wp-json\/wp\/v2\/comments?post=857"}],"version-history":[{"count":5,"href":"https:\/\/www.agriphoto.ch\/fr\/wp-json\/wp\/v2\/pages\/857\/revisions"}],"predecessor-version":[{"id":2576,"href":"https:\/\/www.agriphoto.ch\/fr\/wp-json\/wp\/v2\/pages\/857\/revisions\/2576"}],"wp:attachment":[{"href":"https:\/\/www.agriphoto.ch\/fr\/wp-json\/wp\/v2\/media?parent=857"}],"curies":[{"name":"wp","href":"https:\/\/api.w.org\/{rel}","templated":true}]}}