{"id":901,"date":"2026-02-20T13:20:34","date_gmt":"2026-02-20T13:20:34","guid":{"rendered":"https:\/\/www.agriphoto.ch\/?page_id=901"},"modified":"2026-03-05T15:21:22","modified_gmt":"2026-03-05T15:21:22","slug":"conditions-de-participation","status":"publish","type":"page","link":"https:\/\/www.agriphoto.ch\/fr\/conditions-de-participation\/","title":{"rendered":"Conditions de participation"},"content":{"rendered":"<div class=\"yoast-breadcrumbs\"><span><span><a href=\"https:\/\/www.agriphoto.ch\/fr\/concours-photo-des-paysannes-paysans-suisses\/\">Page d\u2019accueil<\/a><\/span> \u00bb <span class=\"breadcrumb_last\" aria-current=\"page\">Conditions de participation<\/span><\/span><\/div>\n\n\n<div class=\"wp-block-group is-style-narrow-10-12 has-background-background-color has-background is-layout-constrained wp-block-group-is-layout-constrained\">\n<h1 class=\"wp-block-heading\">Conditions de participation<\/h1>\n\n\n\n<h3 class=\"wp-block-heading\"><strong>1. Organisateur et champ d\u2019application<\/strong><\/h3>\n\n\n\n<p>Le concours photo \u00ab&nbsp;agriphoto&nbsp;\u00bb est organis\u00e9 et r\u00e9alis\u00e9 par \u00ab&nbsp;<strong>Paysannes &amp; paysans suisses<\/strong>&nbsp;\u00bb, sis \u00e0 Brugg (AG), Suisse (ci-apr\u00e8s&nbsp;: l\u2019organisateur).<\/p>\n\n\n\n<p><strong>Contact :<br><\/strong>Union suisse des paysans<br>Communication de base<br>Laurstrasse 10<br>5200 BruggSuisse<\/p>\n\n\n\n<p>Les pr\u00e9sentes conditions de participation (CP) r\u00e9gissent la participation au concours photo \u00ab&nbsp;agriphoto&nbsp;\u00bb. En prenant part au concours, les personnes participantes acceptent les pr\u00e9sentes CP. C\u2019est le droit suisse qui s\u2019applique. L\u2019organisateur se r\u00e9serve le droit de modifier \u00e0 tout moment les pr\u00e9sentes CP.<\/p>\n\n\n\n<h3 class=\"wp-block-heading\"><strong>2. Objet du concours<\/strong><\/h3>\n\n\n\n<p>Le concours photo \u00ab&nbsp;agriphoto&nbsp;\u00bb vise \u00e0 promouvoir et \u00e0 rendre visibles des points de vue photographiques sur la Suisse dans les cat\u00e9gories suivantes : \u00ab&nbsp;Les gens&nbsp;\u00bb, \u00ab&nbsp;Le paysage rural&nbsp;\u00bb, \u00ab&nbsp;Les aliments&nbsp;\u00bb et \u00ab&nbsp;Les animaux&nbsp;\u00bb. Le concours est organis\u00e9 de mani\u00e8re ind\u00e9pendante et avec le soutien de partenaires.<\/p>\n\n\n\n<h3 class=\"wp-block-heading\"><strong>3. Droit de participation<\/strong><\/h3>\n\n\n\n<p>Le concours est ouvert \u00e0 toute personne physique :<\/p>\n\n\n\n<ul class=\"wp-block-list\">\n<li>\u00e2g\u00e9e de 18 ans<\/li>\n\n\n\n<li>et r\u00e9sidant en Suisse<\/li>\n<\/ul>\n\n\n\n<p>Le concours photo s\u2019adresse \u00e0 l\u2019ensemble de la population suisse, que vous soyez un-e amateur-trice ou un-e professionnel-le de la photographie.<\/p>\n\n\n\n<p>Sont exclus le personnel de l\u2019organisateur ainsi que les personnes participant directement \u00e0 la r\u00e9alisation du concours.<\/p>\n\n\n\n<p>La participation est gratuite.<\/p>\n\n\n\n<h3 class=\"wp-block-heading\"><strong>4. Phases du concours<\/strong><\/h3>\n\n\n\n<ul class=\"wp-block-list\">\n<li>D\u00e9p\u00f4t&nbsp;des photos&nbsp;: 9 mars \u2013 10 mai 2026<\/li>\n\n\n\n<li>\u00c9valuation par le jury : mai 2026<\/li>\n\n\n\n<li>Vote du public&nbsp;: juin 2026<\/li>\n\n\n\n<li>Exposition et remise des prix : 14 \u2013 20 septembre 2026 (gare centrale de Zurich)<\/li>\n<\/ul>\n\n\n\n<p>L\u2019horodatage num\u00e9rique du d\u00e9p\u00f4t des photos fait foi.<\/p>\n\n\n\n<h3 class=\"wp-block-heading\"><strong>5. Conditions de d\u00e9p\u00f4t<\/strong><\/h3>\n\n\n\n<h4 class=\"wp-block-heading\"><strong>5.1 Nombre de photos<\/strong><\/h4>\n\n\n\n<p>Les personnes participantes peuvent d\u00e9poser au maximum trois (3) photos par cat\u00e9gorie.<br>Chaque photo ne peut \u00eatre attribu\u00e9e qu\u2019\u00e0 une seule cat\u00e9gorie.<\/p>\n\n\n\n<h4 class=\"wp-block-heading\"><strong>5.2 Exigences techniques<\/strong><\/h4>\n\n\n\n<ul class=\"wp-block-list\">\n<li>R\u00e9solution minimale : 1200-1600 pixels<\/li>\n\n\n\n<li>Taille maximale du fichier : 5 MB<\/li>\n\n\n\n<li>Formats autoris\u00e9s : jpg, png, gif, heic, heif<\/li>\n<\/ul>\n\n\n\n<p>Les fichiers non conformes peuvent \u00eatre exclus.<\/p>\n\n\n\n<p>Des versions haute r\u00e9solution seront demand\u00e9es aux vainqueurs.<\/p>\n\n\n\n<h3 class=\"wp-block-heading\" id=\"droit-d-auteur\"><strong>6. Droits d\u2019auteur et droits des tiers<\/strong><\/h3>\n\n\n\n<p>En soumettant une photo, la personne participante confirme :<\/p>\n\n\n\n<ul class=\"wp-block-list\">\n<li>\u00eatre l\u2019unique auteure de l\u2019image,<\/li>\n\n\n\n<li>avoir pris elle-m\u00eame la photo,<\/li>\n\n\n\n<li>n\u2019avoir viol\u00e9 aucun droit de tiers,<\/li>\n\n\n\n<li>avoir obtenu l\u2019accord des personnes repr\u00e9sent\u00e9es sur la photo pour publication (autorisation de droit \u00e0 l\u2019image) et<\/li>\n\n\n\n<li>disposer des autorisations n\u00e9cessaires dans le cas de terrains ou de b\u00e2timents priv\u00e9s identifiables.<\/li>\n<\/ul>\n\n\n\n<p>L\u2019organisateur se r\u00e9serve le droit de demander les justificatifs correspondants.<\/p>\n\n\n\n<h3 class=\"wp-block-heading\"><strong>7. Retouche des photos et utilisation de l\u2019IA<\/strong><\/h3>\n\n\n\n<p>Les optimisations techniques sont autoris\u00e9es (par ex. luminosit\u00e9, contraste, correction des couleurs, d\u00e9floutage, l\u00e9ger recadrage).<\/p>\n\n\n\n<p>Ne sont pas autoris\u00e9s&nbsp;:<\/p>\n\n\n\n<ul class=\"wp-block-list\">\n<li>l\u2019ajout ou la suppression d\u2019\u00e9l\u00e9ments essentiels de la photo,<\/li>\n\n\n\n<li>la manipulation du contenu et<\/li>\n\n\n\n<li>les photos enti\u00e8rement ou principalement g\u00e9n\u00e9r\u00e9es par l\u2019IA<\/li>\n<\/ul>\n\n\n\n<p>La photo doit \u00eatre bas\u00e9e sur une prise de vue photographique r\u00e9elle.<\/p>\n\n\n\n<p>En cas de suspicion d\u2019infraction, l\u2019organisateur peut demander une preuve (par exemple un fichier raw).<\/p>\n\n\n\n<h3 class=\"wp-block-heading\"><strong>8. Droits d\u2019utilisation<\/strong><\/h3>\n\n\n\n<p>Les droits d\u2019auteur restent la propri\u00e9t\u00e9 des personnes participantes.<\/p>\n\n\n\n<p>En prenant part au concours, les personnes participantes c\u00e8dent \u00e0 l\u2019organisateur un droit d\u2019utilisation simple, non exclusif, illimit\u00e9 dans l\u2019espace et dans le temps pour utiliser des photos en rapport avec la communication du concours (par ex. site web, r\u00e9seaux sociaux, relations m\u00e9dias, exposition).<\/p>\n\n\n\n<p>Les photos ne font pas l\u2019objet de transmission commerciale \u00e0 des tiers.<br>Toute r\u00e9mun\u00e9ration sup\u00e9rieure aux prix annonc\u00e9s est exclue.<\/p>\n\n\n\n<h3 class=\"wp-block-heading\"><strong>9. \u00c9valuation par le jury et vote du public<\/strong><\/h3>\n\n\n\n<h4 class=\"wp-block-heading\"><strong>9.1 Jury<\/strong><\/h4>\n\n\n\n<p>L\u2019\u00e9valuation est effectu\u00e9e par un jury de sp\u00e9cialistes ind\u00e9pendants sur la base de crit\u00e8res d\u00e9finis (notamment l\u2019id\u00e9e de la photo, l\u2019originalit\u00e9, la composition, l\u2019effet, l\u2019impression g\u00e9n\u00e9rale).<\/p>\n\n\n\n<p>Les d\u00e9cisions du jury sont d\u00e9finitives.<\/p>\n\n\n\n<h4 class=\"wp-block-heading\">9.2 Vote du public<\/h4>\n\n\n\n<ul class=\"wp-block-list\">\n<li>Chaque personne votante dispose d\u2019un maximum de cinq (5) voix.<\/li>\n\n\n\n<li>Les votes multiples par des contournements techniques sont proscrits.<\/li>\n\n\n\n<li>L\u2019organisateur se r\u00e9serve le droit d\u2019\u00e9liminer les votes manipul\u00e9s.<\/li>\n<\/ul>\n\n\n\n<p>Il n\u2019existe aucun droit \u00e0 la divulgation de documents d\u2019\u00e9valuation d\u00e9taill\u00e9s.<\/p>\n\n\n\n<h3 class=\"wp-block-heading\"><strong>10. Prix<\/strong><\/h3>\n\n\n\n<p>Un total de 24&nbsp;prix est d\u00e9cern\u00e9 :<\/p>\n\n\n\n<ul class=\"wp-block-list\">\n<li>5 prix par cat\u00e9gorie (4 cat\u00e9gories)<\/li>\n\n\n\n<li>1 premier prix toutes cat\u00e9gories confondues<\/li>\n\n\n\n<li>3 prix pour les photos ayant re\u00e7u le plus de voix du public<\/li>\n\n\n\n<li>1 prix parmi toutes les personnes votantes<\/li>\n<\/ul>\n\n\n\n<p>Les prix ne sont pas transmissibles. Un paiement en esp\u00e8ces ou un \u00e9change est exclu.<a id=\"_msocom_1\"><\/a><\/p>\n\n\n\n<h3 class=\"wp-block-heading\"><strong>11. Notifications et remise des prix<\/strong><\/h3>\n\n\n\n<p>Les vainqueurs seront inform\u00e9s par \u00e9crit durant l\u2019\u00e9t\u00e9 2026.<\/p>\n\n\n\n<p>En l\u2019absence de r\u00e9ponse dans les quatorze jours, le droit au prix peut \u00eatre perdu.<\/p>\n\n\n\n<p>La remise des prix aura lieu lors du vernissage ou par courrier.<\/p>\n\n\n\n<h3 class=\"wp-block-heading\"><strong>12. Protection des donn\u00e9es<\/strong><\/h3>\n\n\n\n<p>Les donn\u00e9es personnelles collect\u00e9es sont utilis\u00e9es exclusivement pour l\u2019organisation du concours.<\/p>\n\n\n\n<p>Une transmission a lieu uniquement&nbsp;:<\/p>\n\n\n\n<ul class=\"wp-block-list\">\n<li>pour des prestataires de services mandat\u00e9s<\/li>\n\n\n\n<li>si la loi l\u2019exige<\/li>\n<\/ul>\n\n\n\n<p>Une fois le concours termin\u00e9, les donn\u00e9es personnelles sont enregistr\u00e9es dans le cadre des obligations l\u00e9gales de conservation, puis supprim\u00e9es.<\/p>\n\n\n\n<p>Pour de plus amples renseignements, veuillez consulter la d\u00e9claration distincte de confidentialit\u00e9 sur le site web.<\/p>\n\n\n\n<h3 class=\"wp-block-heading\"><strong>13. Responsabilit\u00e9<\/strong><\/h3>\n\n\n\n<p>L\u2019organisateur ne r\u00e9pond que des dommages caus\u00e9s intentionnellement ou par n\u00e9gligence grave.<\/p>\n\n\n\n<p>La responsabilit\u00e9 de l\u2019organisateur n\u2019est nullement engag\u00e9e notamment en cas&nbsp;:<\/p>\n\n\n\n<ul class=\"wp-block-list\">\n<li>d\u2019incidents techniques<\/li>\n\n\n\n<li>de pertes de donn\u00e9es<\/li>\n\n\n\n<li>d\u2019erreurs de transmission<\/li>\n\n\n\n<li>de pannes de plateformes<\/li>\n\n\n\n<li>de manipulations par des tiers<\/li>\n<\/ul>\n\n\n\n<h3 class=\"wp-block-heading\"><strong>14. Exclusion<\/strong><\/h3>\n\n\n\n<p>L\u2019organisateur peut exclure des personnes participantes en cas de&nbsp;:<\/p>\n\n\n\n<ul class=\"wp-block-list\">\n<li>fausses d\u00e9clarations<\/li>\n\n\n\n<li>violation des pr\u00e9sentes CP<\/li>\n\n\n\n<li>tentatives de manipulation<\/li>\n\n\n\n<li>violation des droits d\u2019auteur<\/li>\n<\/ul>\n\n\n\n<h3 class=\"wp-block-heading\"><strong>15. Fin anticip\u00e9e<\/strong><\/h3>\n\n\n\n<p>L\u2019organisateur se r\u00e9serve le droit de modifier, de suspendre ou d\u2019annuler le concours pour des raisons importantes.<\/p>\n\n\n\n<h3 class=\"wp-block-heading\"><strong>16. Droit applicable et for juridique<\/strong><\/h3>\n\n\n\n<p>Seul le droit suisse est applicable.<\/p>\n\n\n\n<p>Le tribunal comp\u00e9tent est celui du si\u00e8ge de l\u2019organisateur.<\/p>\n\n\n\n<p>Tout recours est exclu dans les limites permises par la loi.<\/p>\n\n\n\n<h3 class=\"wp-block-heading\"><strong>17. Clause salvatrice<\/strong><\/h3>\n\n\n\n<p>Si une disposition des pr\u00e9sentes CP est ou devient invalide, la validit\u00e9 des autres dispositions n\u2019en est pas affect\u00e9e.<\/p>\n\n\n\n<p><\/p>\n\n\n\n<p>\u00c9tat&nbsp;: f\u00e9vrier 2026<\/p>\n\n\n\n<p><em>Les pr\u00e9sentes CP sont une traduction. En cas de divergence, c\u2019est la version allemande qui fait foi.<\/em><\/p>\n\n\n\n<p><a id=\"_msocom_1\"><\/a><\/p>\n<\/div>\n","protected":false},"excerpt":{"rendered":"<p>Conditions de participation 1. Organisateur et champ d\u2019application Le concours photo \u00ab&nbsp;agriphoto&nbsp;\u00bb est organis\u00e9 et r\u00e9alis\u00e9 par \u00ab&nbsp;Paysannes &amp; paysans suisses&nbsp;\u00bb, sis \u00e0 Brugg (AG), Suisse (ci-apr\u00e8s&nbsp;: l\u2019organisateur). Contact :Union suisse des paysansCommunication de baseLaurstrasse 105200 BruggSuisse Les pr\u00e9sentes conditions de participation (CP) r\u00e9gissent la participation au concours photo \u00ab&nbsp;agriphoto&nbsp;\u00bb. En prenant part au concours, [&hellip;]<\/p>\n","protected":false},"author":1,"featured_media":0,"parent":0,"menu_order":31,"comment_status":"closed","ping_status":"closed","template":"","meta":{"_acf_changed":false,"inline_featured_image":false,"footnotes":""},"class_list":["post-901","page","type-page","status-publish","hentry"],"acf":[],"yoast_head":"<!-- This site is optimized with the Yoast SEO plugin v27.2 - https:\/\/yoast.com\/product\/yoast-seo-wordpress\/ -->\n<title>Conditions de participation - Paysannes &amp; paysans suisses<\/title>\n<meta name=\"robots\" content=\"index, follow, max-snippet:-1, max-image-preview:large, max-video-preview:-1\" \/>\n<link rel=\"canonical\" href=\"https:\/\/www.agriphoto.ch\/fr\/conditions-de-participation\/\" \/>\n<meta property=\"og:locale\" content=\"fr_FR\" \/>\n<meta property=\"og:type\" content=\"article\" \/>\n<meta property=\"og:title\" content=\"Conditions de participation - Paysannes &amp; paysans suisses\" \/>\n<meta property=\"og:description\" content=\"Conditions de participation 1. Organisateur et champ d\u2019application Le concours photo \u00ab&nbsp;agriphoto&nbsp;\u00bb est organis\u00e9 et r\u00e9alis\u00e9 par \u00ab&nbsp;Paysannes &amp; paysans suisses&nbsp;\u00bb, sis \u00e0 Brugg (AG), Suisse (ci-apr\u00e8s&nbsp;: l\u2019organisateur). Contact :Union suisse des paysansCommunication de baseLaurstrasse 105200 BruggSuisse Les pr\u00e9sentes conditions de participation (CP) r\u00e9gissent la participation au concours photo \u00ab&nbsp;agriphoto&nbsp;\u00bb. En prenant part au concours, [&hellip;]\" \/>\n<meta property=\"og:url\" content=\"https:\/\/www.agriphoto.ch\/fr\/conditions-de-participation\/\" \/>\n<meta property=\"og:site_name\" content=\"Paysannes &amp; paysans suisses\" \/>\n<meta property=\"article:publisher\" content=\"https:\/\/www.facebook.com\/schweizer.bauern\/\" \/>\n<meta property=\"article:modified_time\" content=\"2026-03-05T15:21:22+00:00\" \/>\n<meta name=\"twitter:card\" content=\"summary_large_image\" \/>\n<meta name=\"twitter:label1\" content=\"Dur\u00e9e de lecture estim\u00e9e\" \/>\n\t<meta name=\"twitter:data1\" content=\"6 minutes\" \/>\n<script type=\"application\/ld+json\" class=\"yoast-schema-graph\">{\"@context\":\"https:\/\/schema.org\",\"@graph\":[{\"@type\":\"WebPage\",\"@id\":\"https:\/\/www.agriphoto.ch\/fr\/conditions-de-participation\/\",\"url\":\"https:\/\/www.agriphoto.ch\/fr\/conditions-de-participation\/\",\"name\":\"Conditions de participation - Paysannes & paysans suisses\",\"isPartOf\":{\"@id\":\"https:\/\/www.agriphoto.ch\/fr\/#website\"},\"datePublished\":\"2026-02-20T13:20:34+00:00\",\"dateModified\":\"2026-03-05T15:21:22+00:00\",\"breadcrumb\":{\"@id\":\"https:\/\/www.agriphoto.ch\/fr\/conditions-de-participation\/#breadcrumb\"},\"inLanguage\":\"fr-FR\",\"potentialAction\":[{\"@type\":\"ReadAction\",\"target\":[\"https:\/\/www.agriphoto.ch\/fr\/conditions-de-participation\/\"]}]},{\"@type\":\"BreadcrumbList\",\"@id\":\"https:\/\/www.agriphoto.ch\/fr\/conditions-de-participation\/#breadcrumb\",\"itemListElement\":[{\"@type\":\"ListItem\",\"position\":1,\"name\":\"Page d\u2019accueil\",\"item\":\"https:\/\/www.agriphoto.ch\/fr\/concours-photo-des-paysannes-paysans-suisses\/\"},{\"@type\":\"ListItem\",\"position\":2,\"name\":\"Conditions de participation\"}]},{\"@type\":\"WebSite\",\"@id\":\"https:\/\/www.agriphoto.ch\/fr\/#website\",\"url\":\"https:\/\/www.agriphoto.ch\/fr\/\",\"name\":\"Fotowettbewerb der Schweizer B\u00e4uerinnen & Bauern\",\"description\":\"\",\"publisher\":{\"@id\":\"https:\/\/www.agriphoto.ch\/fr\/#organization\"},\"alternateName\":\"Fotowettbewerb Agriphoto\",\"potentialAction\":[{\"@type\":\"SearchAction\",\"target\":{\"@type\":\"EntryPoint\",\"urlTemplate\":\"https:\/\/www.agriphoto.ch\/fr\/?s={search_term_string}\"},\"query-input\":{\"@type\":\"PropertyValueSpecification\",\"valueRequired\":true,\"valueName\":\"search_term_string\"}}],\"inLanguage\":\"fr-FR\"},{\"@type\":\"Organization\",\"@id\":\"https:\/\/www.agriphoto.ch\/fr\/#organization\",\"name\":\"Fotowettbewerb Agriphoto\",\"url\":\"https:\/\/www.agriphoto.ch\/fr\/\",\"logo\":{\"@type\":\"ImageObject\",\"inLanguage\":\"fr-FR\",\"@id\":\"https:\/\/www.agriphoto.ch\/fr\/#\/schema\/logo\/image\/\",\"url\":\"https:\/\/www.agriphoto.ch\/wp-content\/uploads\/2026\/02\/rz_agriphoto_SB_Energy-Media_Logo_quer_1.jpg\",\"contentUrl\":\"https:\/\/www.agriphoto.ch\/wp-content\/uploads\/2026\/02\/rz_agriphoto_SB_Energy-Media_Logo_quer_1.jpg\",\"width\":1200,\"height\":400,\"caption\":\"Fotowettbewerb Agriphoto\"},\"image\":{\"@id\":\"https:\/\/www.agriphoto.ch\/fr\/#\/schema\/logo\/image\/\"},\"sameAs\":[\"https:\/\/www.facebook.com\/schweizer.bauern\/\",\"https:\/\/www.instagram.com\/schweizer.bauern\/\",\"https:\/\/www.tiktok.com\/@schweizer.bauern\",\"https:\/\/www.youtube.com\/c\/SchweizerBauern\"]}]}<\/script>\n<!-- \/ Yoast SEO plugin. -->","yoast_head_json":{"title":"Conditions de participation - Paysannes & paysans suisses","robots":{"index":"index","follow":"follow","max-snippet":"max-snippet:-1","max-image-preview":"max-image-preview:large","max-video-preview":"max-video-preview:-1"},"canonical":"https:\/\/www.agriphoto.ch\/fr\/conditions-de-participation\/","og_locale":"fr_FR","og_type":"article","og_title":"Conditions de participation - Paysannes & paysans suisses","og_description":"Conditions de participation 1. Organisateur et champ d\u2019application Le concours photo \u00ab&nbsp;agriphoto&nbsp;\u00bb est organis\u00e9 et r\u00e9alis\u00e9 par \u00ab&nbsp;Paysannes &amp; paysans suisses&nbsp;\u00bb, sis \u00e0 Brugg (AG), Suisse (ci-apr\u00e8s&nbsp;: l\u2019organisateur). Contact :Union suisse des paysansCommunication de baseLaurstrasse 105200 BruggSuisse Les pr\u00e9sentes conditions de participation (CP) r\u00e9gissent la participation au concours photo \u00ab&nbsp;agriphoto&nbsp;\u00bb. En prenant part au concours, [&hellip;]","og_url":"https:\/\/www.agriphoto.ch\/fr\/conditions-de-participation\/","og_site_name":"Paysannes & paysans suisses","article_publisher":"https:\/\/www.facebook.com\/schweizer.bauern\/","article_modified_time":"2026-03-05T15:21:22+00:00","twitter_card":"summary_large_image","twitter_misc":{"Dur\u00e9e de lecture estim\u00e9e":"6 minutes"},"schema":{"@context":"https:\/\/schema.org","@graph":[{"@type":"WebPage","@id":"https:\/\/www.agriphoto.ch\/fr\/conditions-de-participation\/","url":"https:\/\/www.agriphoto.ch\/fr\/conditions-de-participation\/","name":"Conditions de participation - Paysannes & paysans suisses","isPartOf":{"@id":"https:\/\/www.agriphoto.ch\/fr\/#website"},"datePublished":"2026-02-20T13:20:34+00:00","dateModified":"2026-03-05T15:21:22+00:00","breadcrumb":{"@id":"https:\/\/www.agriphoto.ch\/fr\/conditions-de-participation\/#breadcrumb"},"inLanguage":"fr-FR","potentialAction":[{"@type":"ReadAction","target":["https:\/\/www.agriphoto.ch\/fr\/conditions-de-participation\/"]}]},{"@type":"BreadcrumbList","@id":"https:\/\/www.agriphoto.ch\/fr\/conditions-de-participation\/#breadcrumb","itemListElement":[{"@type":"ListItem","position":1,"name":"Page d\u2019accueil","item":"https:\/\/www.agriphoto.ch\/fr\/concours-photo-des-paysannes-paysans-suisses\/"},{"@type":"ListItem","position":2,"name":"Conditions de participation"}]},{"@type":"WebSite","@id":"https:\/\/www.agriphoto.ch\/fr\/#website","url":"https:\/\/www.agriphoto.ch\/fr\/","name":"Fotowettbewerb der Schweizer B\u00e4uerinnen & Bauern","description":"","publisher":{"@id":"https:\/\/www.agriphoto.ch\/fr\/#organization"},"alternateName":"Fotowettbewerb Agriphoto","potentialAction":[{"@type":"SearchAction","target":{"@type":"EntryPoint","urlTemplate":"https:\/\/www.agriphoto.ch\/fr\/?s={search_term_string}"},"query-input":{"@type":"PropertyValueSpecification","valueRequired":true,"valueName":"search_term_string"}}],"inLanguage":"fr-FR"},{"@type":"Organization","@id":"https:\/\/www.agriphoto.ch\/fr\/#organization","name":"Fotowettbewerb Agriphoto","url":"https:\/\/www.agriphoto.ch\/fr\/","logo":{"@type":"ImageObject","inLanguage":"fr-FR","@id":"https:\/\/www.agriphoto.ch\/fr\/#\/schema\/logo\/image\/","url":"https:\/\/www.agriphoto.ch\/wp-content\/uploads\/2026\/02\/rz_agriphoto_SB_Energy-Media_Logo_quer_1.jpg","contentUrl":"https:\/\/www.agriphoto.ch\/wp-content\/uploads\/2026\/02\/rz_agriphoto_SB_Energy-Media_Logo_quer_1.jpg","width":1200,"height":400,"caption":"Fotowettbewerb Agriphoto"},"image":{"@id":"https:\/\/www.agriphoto.ch\/fr\/#\/schema\/logo\/image\/"},"sameAs":["https:\/\/www.facebook.com\/schweizer.bauern\/","https:\/\/www.instagram.com\/schweizer.bauern\/","https:\/\/www.tiktok.com\/@schweizer.bauern","https:\/\/www.youtube.com\/c\/SchweizerBauern"]}]}},"_links":{"self":[{"href":"https:\/\/www.agriphoto.ch\/fr\/wp-json\/wp\/v2\/pages\/901","targetHints":{"allow":["GET"]}}],"collection":[{"href":"https:\/\/www.agriphoto.ch\/fr\/wp-json\/wp\/v2\/pages"}],"about":[{"href":"https:\/\/www.agriphoto.ch\/fr\/wp-json\/wp\/v2\/types\/page"}],"author":[{"embeddable":true,"href":"https:\/\/www.agriphoto.ch\/fr\/wp-json\/wp\/v2\/users\/1"}],"replies":[{"embeddable":true,"href":"https:\/\/www.agriphoto.ch\/fr\/wp-json\/wp\/v2\/comments?post=901"}],"version-history":[{"count":4,"href":"https:\/\/www.agriphoto.ch\/fr\/wp-json\/wp\/v2\/pages\/901\/revisions"}],"predecessor-version":[{"id":1141,"href":"https:\/\/www.agriphoto.ch\/fr\/wp-json\/wp\/v2\/pages\/901\/revisions\/1141"}],"wp:attachment":[{"href":"https:\/\/www.agriphoto.ch\/fr\/wp-json\/wp\/v2\/media?parent=901"}],"curies":[{"name":"wp","href":"https:\/\/api.w.org\/{rel}","templated":true}]}}